{"id":14,"date":"2024-03-07T17:28:12","date_gmt":"2024-03-07T17:28:12","guid":{"rendered":"https:\/\/www.arbetsjuristen.se\/?page_id=14"},"modified":"2025-10-06T11:25:14","modified_gmt":"2025-10-06T11:25:14","slug":"karriar","status":"publish","type":"page","link":"https:\/\/www.arbetsjuristen.se\/en\/karriar\/","title":{"rendered":"Career"},"content":{"rendered":"\t\t<div data-elementor-type=\"wp-page\" data-elementor-id=\"14\" class=\"elementor elementor-14\" data-elementor-post-type=\"page\">\n\t\t\t\t<div class=\"elementor-element elementor-element-3e23bef4 e-flex e-con-boxed e-con e-parent\" data-id=\"3e23bef4\" data-element_type=\"container\" data-e-type=\"container\" data-settings=\"{&quot;background_background&quot;:&quot;classic&quot;,&quot;motion_fx_motion_fx_scrolling&quot;:&quot;yes&quot;,&quot;motion_fx_opacity_effect&quot;:&quot;yes&quot;,&quot;motion_fx_opacity_direction&quot;:&quot;in-out&quot;,&quot;motion_fx_opacity_level&quot;:{&quot;unit&quot;:&quot;px&quot;,&quot;size&quot;:15,&quot;sizes&quot;:[]},&quot;motion_fx_opacity_range&quot;:{&quot;unit&quot;:&quot;%&quot;,&quot;size&quot;:&quot;&quot;,&quot;sizes&quot;:{&quot;start&quot;:38,&quot;end&quot;:80}},&quot;motion_fx_devices&quot;:[&quot;desktop&quot;,&quot;tablet&quot;,&quot;mobile&quot;]}\">\n\t\t\t\t\t<div class=\"e-con-inner\">\n\t\t<div class=\"elementor-element elementor-element-10a84ff3 elementor-hidden-desktop elementor-hidden-tablet elementor-hidden-mobile e-flex e-con-boxed elementor-invisible e-con e-child\" data-id=\"10a84ff3\" data-element_type=\"container\" data-e-type=\"container\" data-settings=\"{&quot;sticky&quot;:&quot;top&quot;,&quot;animation&quot;:&quot;fadeInUp&quot;,&quot;sticky_on&quot;:[&quot;desktop&quot;,&quot;tablet&quot;,&quot;mobile&quot;],&quot;sticky_offset&quot;:0,&quot;sticky_effects_offset&quot;:0,&quot;sticky_anchor_link_offset&quot;:0}\">\n\t\t\t\t\t<div class=\"e-con-inner\">\n\t\t\t\t<div class=\"elementor-element elementor-element-39a7f86a elementor-widget__width-initial elementor-widget elementor-widget-text-editor\" data-id=\"39a7f86a\" data-element_type=\"widget\" data-e-type=\"widget\" data-widget_type=\"text-editor.default\">\n\t\t\t\t<div class=\"elementor-widget-container\">\n\t\t\t\t\t\t\t\t\t<p>Om du \u00e4r redo att ansluta till ett team som v\u00e4rdes\u00e4tter innovation och professionalism, v\u00e4ntar sp\u00e4nnande karri\u00e4rm\u00f6jligheter f\u00f6r dig hos oss.&nbsp;<\/p>\t\t\t\t\t\t\t\t<\/div>\n\t\t\t\t<\/div>\n\t\t\t\t\t<\/div>\n\t\t\t\t<\/div>\n\t\t\t\t\t<\/div>\n\t\t\t\t<\/div>\n\t\t<div class=\"elementor-element elementor-element-183da7c6 e-flex e-con-boxed e-con e-parent\" data-id=\"183da7c6\" data-element_type=\"container\" data-e-type=\"container\" data-settings=\"{&quot;background_background&quot;:&quot;classic&quot;}\">\n\t\t\t\t\t<div class=\"e-con-inner\">\n\t\t<div class=\"elementor-element elementor-element-15f55fe9 elementor-hidden-desktop elementor-hidden-tablet elementor-hidden-mobile e-flex e-con-boxed e-con e-child\" data-id=\"15f55fe9\" data-element_type=\"container\" data-e-type=\"container\" data-settings=\"{&quot;motion_fx_motion_fx_scrolling&quot;:&quot;yes&quot;,&quot;motion_fx_devices&quot;:[&quot;desktop&quot;,&quot;tablet&quot;,&quot;mobile&quot;]}\">\n\t\t\t\t\t<div class=\"e-con-inner\">\n\t\t<div class=\"elementor-element elementor-element-147b39b4 e-con-full e-flex e-con e-child\" data-id=\"147b39b4\" data-element_type=\"container\" data-e-type=\"container\">\n\t\t\t\t<div class=\"elementor-element elementor-element-7b15d0ef elementor-widget elementor-widget-heading\" data-id=\"7b15d0ef\" data-element_type=\"widget\" data-e-type=\"widget\" data-settings=\"{&quot;motion_fx_motion_fx_scrolling&quot;:&quot;yes&quot;,&quot;motion_fx_opacity_effect&quot;:&quot;yes&quot;,&quot;motion_fx_opacity_direction&quot;:&quot;out-in-out&quot;,&quot;motion_fx_opacity_level&quot;:{&quot;unit&quot;:&quot;px&quot;,&quot;size&quot;:15,&quot;sizes&quot;:[]},&quot;motion_fx_opacity_range&quot;:{&quot;unit&quot;:&quot;%&quot;,&quot;size&quot;:&quot;&quot;,&quot;sizes&quot;:{&quot;start&quot;:30,&quot;end&quot;:80}},&quot;motion_fx_devices&quot;:[&quot;desktop&quot;,&quot;tablet&quot;]}\" data-widget_type=\"heading.default\">\n\t\t\t\t<div class=\"elementor-widget-container\">\n\t\t\t\t\t<h2 class=\"elementor-heading-title elementor-size-default\">Bli en del av v\u00e5rt team<\/h2>\t\t\t\t<\/div>\n\t\t\t\t<\/div>\n\t\t\t\t<div class=\"elementor-element elementor-element-1b4ad839 elementor-widget elementor-widget-text-editor\" data-id=\"1b4ad839\" data-element_type=\"widget\" data-e-type=\"widget\" data-settings=\"{&quot;motion_fx_motion_fx_scrolling&quot;:&quot;yes&quot;,&quot;motion_fx_opacity_effect&quot;:&quot;yes&quot;,&quot;motion_fx_opacity_direction&quot;:&quot;out-in-out&quot;,&quot;motion_fx_opacity_level&quot;:{&quot;unit&quot;:&quot;px&quot;,&quot;size&quot;:15,&quot;sizes&quot;:[]},&quot;motion_fx_opacity_range&quot;:{&quot;unit&quot;:&quot;%&quot;,&quot;size&quot;:&quot;&quot;,&quot;sizes&quot;:{&quot;start&quot;:30,&quot;end&quot;:76}},&quot;motion_fx_devices&quot;:[&quot;desktop&quot;,&quot;tablet&quot;]}\" data-widget_type=\"text-editor.default\">\n\t\t\t\t<div class=\"elementor-widget-container\">\n\t\t\t\t\t\t\t\t\t<p class=\"tt-icon-box__description\">P\u00e5 Rubinstein &amp; Khoury Byr\u00e5 \u00e4r arbetet mer \u00e4n bara ett arbete. Vi brinner f\u00f6r att skapa resultat. Vi \u00e4r dedikerade i v\u00e5r professionalism, till varandra, till v\u00e5ra klienter och till v\u00e5r gemensamma ambition.<\/p><p>Har du ett h\u00f6gt driv, \u00e4r du tillm\u00f6tesg\u00e5ende och p\u00e5litlig och vill skapa starka resultat tillsammans med ett starkt team av duktiga kollegor? D\u00e5 skulle vi verkligen vilja tr\u00e4ffa dig och diskutera om du kan bidra till att s\u00e4kerst\u00e4lla v\u00e5r fortsatta tillv\u00e4xt och framg\u00e5ng.<\/p><p>Ans\u00f6k om n\u00e5gon av v\u00e5ra lediga tj\u00e4nster nedan, eller skicka in en spontanans\u00f6kan.<\/p>\t\t\t\t\t\t\t\t<\/div>\n\t\t\t\t<\/div>\n\t\t\t\t<div class=\"elementor-element elementor-element-e745b56 elementor-widget elementor-widget-heading\" data-id=\"e745b56\" data-element_type=\"widget\" data-e-type=\"widget\" data-settings=\"{&quot;motion_fx_motion_fx_scrolling&quot;:&quot;yes&quot;,&quot;motion_fx_opacity_effect&quot;:&quot;yes&quot;,&quot;motion_fx_opacity_direction&quot;:&quot;out-in-out&quot;,&quot;motion_fx_opacity_level&quot;:{&quot;unit&quot;:&quot;px&quot;,&quot;size&quot;:15,&quot;sizes&quot;:[]},&quot;motion_fx_opacity_range&quot;:{&quot;unit&quot;:&quot;%&quot;,&quot;size&quot;:&quot;&quot;,&quot;sizes&quot;:{&quot;start&quot;:22,&quot;end&quot;:80}},&quot;motion_fx_devices&quot;:[&quot;desktop&quot;,&quot;tablet&quot;]}\" data-widget_type=\"heading.default\">\n\t\t\t\t<div class=\"elementor-widget-container\">\n\t\t\t\t\t<h2 class=\"elementor-heading-title elementor-size-default\"> Just nu har vi inga lediga tj\u00e4nster.<\/h2>\t\t\t\t<\/div>\n\t\t\t\t<\/div>\n\t\t\t\t<div class=\"elementor-element elementor-element-809f764 link elementor-widget elementor-widget-text-editor\" data-id=\"809f764\" data-element_type=\"widget\" data-e-type=\"widget\" data-settings=\"{&quot;motion_fx_motion_fx_scrolling&quot;:&quot;yes&quot;,&quot;motion_fx_opacity_effect&quot;:&quot;yes&quot;,&quot;motion_fx_opacity_direction&quot;:&quot;out-in-out&quot;,&quot;motion_fx_opacity_level&quot;:{&quot;unit&quot;:&quot;px&quot;,&quot;size&quot;:15,&quot;sizes&quot;:[]},&quot;motion_fx_devices&quot;:[&quot;desktop&quot;,&quot;tablet&quot;],&quot;motion_fx_opacity_range&quot;:{&quot;unit&quot;:&quot;%&quot;,&quot;size&quot;:&quot;&quot;,&quot;sizes&quot;:{&quot;start&quot;:20,&quot;end&quot;:80}}}\" data-widget_type=\"text-editor.default\">\n\t\t\t\t<div class=\"elementor-widget-container\">\n\t\t\t\t\t\t\t\t\t<p>Skicka in en spontan ans\u00f6kan till <a href=\"mailto:info@www.arbetsjuristen.se\">info@www.arbetsjuristen.se<\/a><\/p>\t\t\t\t\t\t\t\t<\/div>\n\t\t\t\t<\/div>\n\t\t\t\t<\/div>\n\t\t<div class=\"elementor-element elementor-element-6b9a88d1 e-con-full e-flex e-con e-child\" data-id=\"6b9a88d1\" data-element_type=\"container\" data-e-type=\"container\">\n\t\t<div class=\"elementor-element elementor-element-2965282 e-con-full e-flex e-con e-child\" data-id=\"2965282\" data-element_type=\"container\" data-e-type=\"container\" data-settings=\"{&quot;background_background&quot;:&quot;classic&quot;,&quot;motion_fx_motion_fx_scrolling&quot;:&quot;yes&quot;,&quot;motion_fx_opacity_effect&quot;:&quot;yes&quot;,&quot;motion_fx_opacity_direction&quot;:&quot;out-in-out&quot;,&quot;motion_fx_opacity_level&quot;:{&quot;unit&quot;:&quot;px&quot;,&quot;size&quot;:15,&quot;sizes&quot;:[]},&quot;motion_fx_devices&quot;:[&quot;desktop&quot;,&quot;tablet&quot;],&quot;motion_fx_opacity_range&quot;:{&quot;unit&quot;:&quot;%&quot;,&quot;size&quot;:&quot;&quot;,&quot;sizes&quot;:{&quot;start&quot;:32,&quot;end&quot;:80}}}\">\n\t\t\t\t<div class=\"elementor-element elementor-element-d3d4faf elementor-widget elementor-widget-heading\" data-id=\"d3d4faf\" data-element_type=\"widget\" data-e-type=\"widget\" data-widget_type=\"heading.default\">\n\t\t\t\t<div class=\"elementor-widget-container\">\n\t\t\t\t\t<h2 class=\"elementor-heading-title elementor-size-default\">E-post<\/h2>\t\t\t\t<\/div>\n\t\t\t\t<\/div>\n\t\t\t\t<div class=\"elementor-element elementor-element-ee4994a link elementor-widget elementor-widget-text-editor\" data-id=\"ee4994a\" data-element_type=\"widget\" data-e-type=\"widget\" data-widget_type=\"text-editor.default\">\n\t\t\t\t<div class=\"elementor-widget-container\">\n\t\t\t\t\t\t\t\t\t<p><a href=\"mailto:info@www.arbetsjuristen.se\">info@www.arbetsjuristen.se<\/a><\/p>\t\t\t\t\t\t\t\t<\/div>\n\t\t\t\t<\/div>\n\t\t\t\t<div class=\"elementor-element elementor-element-545ef7a elementor-widget elementor-widget-heading\" data-id=\"545ef7a\" data-element_type=\"widget\" data-e-type=\"widget\" data-widget_type=\"heading.default\">\n\t\t\t\t<div class=\"elementor-widget-container\">\n\t\t\t\t\t<h2 class=\"elementor-heading-title elementor-size-default\">Telefonnummer<\/h2>\t\t\t\t<\/div>\n\t\t\t\t<\/div>\n\t\t\t\t<div class=\"elementor-element elementor-element-9d2c850 link-contact elementor-widget elementor-widget-text-editor\" data-id=\"9d2c850\" data-element_type=\"widget\" data-e-type=\"widget\" data-widget_type=\"text-editor.default\">\n\t\t\t\t<div class=\"elementor-widget-container\">\n\t\t\t\t\t\t\t\t\t<div class=\"elementor-element elementor-element-776e04b elementor-widget elementor-widget-text-editor\" data-id=\"776e04b\" data-element_type=\"widget\" data-widget_type=\"text-editor.default\"><div class=\"elementor-widget-container\"><p><a href=\"tel:08-500 860 09\">08-500 860 09<\/a><\/p><\/div><\/div>\t\t\t\t\t\t\t\t<\/div>\n\t\t\t\t<\/div>\n\t\t\t\t<div class=\"elementor-element elementor-element-b7e8180 elementor-widget elementor-widget-heading\" data-id=\"b7e8180\" data-element_type=\"widget\" data-e-type=\"widget\" data-widget_type=\"heading.default\">\n\t\t\t\t<div class=\"elementor-widget-container\">\n\t\t\t\t\t<h2 class=\"elementor-heading-title elementor-size-default\">Bes\u00f6ksadress<\/h2>\t\t\t\t<\/div>\n\t\t\t\t<\/div>\n\t\t\t\t<div class=\"elementor-element elementor-element-357ac91 link elementor-widget elementor-widget-text-editor\" data-id=\"357ac91\" data-element_type=\"widget\" data-e-type=\"widget\" data-widget_type=\"text-editor.default\">\n\t\t\t\t<div class=\"elementor-widget-container\">\n\t\t\t\t\t\t\t\t\t<p>Cylinderv\u00e4gen 18,<br \/>131 52 Nacka Strand<\/p>\t\t\t\t\t\t\t\t<\/div>\n\t\t\t\t<\/div>\n\t\t\t\t<\/div>\n\t\t\t\t<\/div>\n\t\t\t\t<div class=\"elementor-element elementor-element-1e759430 elementor-absolute elementor-widget elementor-widget-image\" data-id=\"1e759430\" data-element_type=\"widget\" data-e-type=\"widget\" data-settings=\"{&quot;_position&quot;:&quot;absolute&quot;}\" data-widget_type=\"image.default\">\n\t\t\t\t<div class=\"elementor-widget-container\">\n\t\t\t\t\t\t\t\t\t\t\t\t\t\t\t<img decoding=\"async\" src=\"https:\/\/www.arbetsjuristen.se\/wp-content\/uploads\/2024\/03\/Hexagons.svg\" title=\"Hexagons\" alt=\"Hexagons\" loading=\"lazy\" \/>\t\t\t\t\t\t\t\t\t\t\t\t\t\t\t<\/div>\n\t\t\t\t<\/div>\n\t\t\t\t\t<\/div>\n\t\t\t\t<\/div>\n\t\t\t\t\t<\/div>\n\t\t\t\t<\/div>\n\t\t\t\t<\/div>\n\t\t","protected":false},"excerpt":{"rendered":"<p>Om du \u00e4r redo att ansluta till ett team som v\u00e4rdes\u00e4tter innovation och professionalism, v\u00e4ntar sp\u00e4nnande karri\u00e4rm\u00f6jligheter f\u00f6r dig hos oss.&nbsp; Bli en del av v\u00e5rt team P\u00e5 Rubinstein &amp; Khoury Byr\u00e5 \u00e4r arbetet mer \u00e4n bara ett arbete. Vi brinner f\u00f6r att skapa resultat. Vi \u00e4r dedikerade i v\u00e5r professionalism, till varandra, till v\u00e5ra [&hellip;]<\/p>\n","protected":false},"author":1,"featured_media":0,"parent":0,"menu_order":0,"comment_status":"closed","ping_status":"closed","template":"","meta":{"footnotes":""},"class_list":["post-14","page","type-page","status-publish","hentry"],"yoast_head":"<!-- This site is optimized with the Yoast SEO plugin v27.4 - https:\/\/yoast.com\/product\/yoast-seo-wordpress\/ -->\n<title>Karri\u00e4r - Rubinstein &amp; Khoury Byr\u00e5<\/title>\n<meta name=\"description\" content=\"P\u00e5 Rubinstein &amp; Khoury Byr\u00e5 \u00e4r arbetet mer \u00e4n bara ett arbete. Vi brinner f\u00f6r att skapa resultat.\" \/>\n<meta name=\"robots\" content=\"index, follow, max-snippet:-1, max-image-preview:large, max-video-preview:-1\" \/>\n<link rel=\"canonical\" href=\"https:\/\/www.arbetsjuristen.se\/en\/karriar\/\" \/>\n<meta property=\"og:locale\" content=\"en_US\" \/>\n<meta property=\"og:type\" content=\"article\" \/>\n<meta property=\"og:title\" content=\"Karri\u00e4r - Rubinstein &amp; Khoury Byr\u00e5\" \/>\n<meta property=\"og:description\" content=\"P\u00e5 Rubinstein &amp; Khoury Byr\u00e5 \u00e4r arbetet mer \u00e4n bara ett arbete. Vi brinner f\u00f6r att skapa resultat.\" \/>\n<meta property=\"og:url\" content=\"https:\/\/www.arbetsjuristen.se\/en\/karriar\/\" \/>\n<meta property=\"og:site_name\" content=\"Rubinstein &amp; Khoury Byr\u00e5\" \/>\n<meta property=\"article:modified_time\" content=\"2025-10-06T11:25:14+00:00\" \/>\n<meta property=\"og:image\" content=\"https:\/\/www.arbetsjuristen.se\/wp-content\/uploads\/2024\/03\/Hexagons.svg\" \/>\n<meta name=\"twitter:card\" content=\"summary_large_image\" \/>\n<meta name=\"twitter:label1\" content=\"Est. reading time\" \/>\n\t<meta name=\"twitter:data1\" content=\"2 minutes\" \/>\n<script type=\"application\/ld+json\" class=\"yoast-schema-graph\">{\"@context\":\"https:\\\/\\\/schema.org\",\"@graph\":[{\"@type\":\"WebPage\",\"@id\":\"https:\\\/\\\/www.arbetsjuristen.se\\\/sv\\\/karriar\\\/\",\"url\":\"https:\\\/\\\/www.arbetsjuristen.se\\\/sv\\\/karriar\\\/\",\"name\":\"Karri\u00e4r - Rubinstein & Khoury Byr\u00e5\",\"isPartOf\":{\"@id\":\"https:\\\/\\\/www.arbetsjuristen.se\\\/#website\"},\"primaryImageOfPage\":{\"@id\":\"https:\\\/\\\/www.arbetsjuristen.se\\\/sv\\\/karriar\\\/#primaryimage\"},\"image\":{\"@id\":\"https:\\\/\\\/www.arbetsjuristen.se\\\/sv\\\/karriar\\\/#primaryimage\"},\"thumbnailUrl\":\"https:\\\/\\\/www.arbetsjuristen.se\\\/wp-content\\\/uploads\\\/2024\\\/03\\\/Hexagons.svg\",\"datePublished\":\"2024-03-07T17:28:12+00:00\",\"dateModified\":\"2025-10-06T11:25:14+00:00\",\"description\":\"P\u00e5 Rubinstein & Khoury Byr\u00e5 \u00e4r arbetet mer \u00e4n bara ett arbete. Vi brinner f\u00f6r att skapa resultat.\",\"breadcrumb\":{\"@id\":\"https:\\\/\\\/www.arbetsjuristen.se\\\/sv\\\/karriar\\\/#breadcrumb\"},\"inLanguage\":\"en-US\",\"potentialAction\":[{\"@type\":\"ReadAction\",\"target\":[\"https:\\\/\\\/www.arbetsjuristen.se\\\/sv\\\/karriar\\\/\"]}]},{\"@type\":\"ImageObject\",\"inLanguage\":\"en-US\",\"@id\":\"https:\\\/\\\/www.arbetsjuristen.se\\\/sv\\\/karriar\\\/#primaryimage\",\"url\":\"https:\\\/\\\/www.arbetsjuristen.se\\\/wp-content\\\/uploads\\\/2024\\\/03\\\/Hexagons.svg\",\"contentUrl\":\"https:\\\/\\\/www.arbetsjuristen.se\\\/wp-content\\\/uploads\\\/2024\\\/03\\\/Hexagons.svg\"},{\"@type\":\"BreadcrumbList\",\"@id\":\"https:\\\/\\\/www.arbetsjuristen.se\\\/sv\\\/karriar\\\/#breadcrumb\",\"itemListElement\":[{\"@type\":\"ListItem\",\"position\":1,\"name\":\"Hem\",\"item\":\"https:\\\/\\\/www.arbetsjuristen.se\\\/\"},{\"@type\":\"ListItem\",\"position\":2,\"name\":\"Karri\u00e4r\"}]},{\"@type\":\"WebSite\",\"@id\":\"https:\\\/\\\/www.arbetsjuristen.se\\\/#website\",\"url\":\"https:\\\/\\\/www.arbetsjuristen.se\\\/\",\"name\":\"Rubinstein &amp; Khoury Byr\u00e5\",\"description\":\"\",\"publisher\":{\"@id\":\"https:\\\/\\\/www.arbetsjuristen.se\\\/#organization\"},\"potentialAction\":[{\"@type\":\"SearchAction\",\"target\":{\"@type\":\"EntryPoint\",\"urlTemplate\":\"https:\\\/\\\/www.arbetsjuristen.se\\\/?s={search_term_string}\"},\"query-input\":{\"@type\":\"PropertyValueSpecification\",\"valueRequired\":true,\"valueName\":\"search_term_string\"}}],\"inLanguage\":\"en-US\"},{\"@type\":\"Organization\",\"@id\":\"https:\\\/\\\/www.arbetsjuristen.se\\\/#organization\",\"name\":\"Rubinstein &amp; Khoury Byr\u00e5\",\"url\":\"https:\\\/\\\/www.arbetsjuristen.se\\\/\",\"logo\":{\"@type\":\"ImageObject\",\"inLanguage\":\"en-US\",\"@id\":\"https:\\\/\\\/www.arbetsjuristen.se\\\/#\\\/schema\\\/logo\\\/image\\\/\",\"url\":\"https:\\\/\\\/www.arbetsjuristen.se\\\/wp-content\\\/uploads\\\/2024\\\/03\\\/Arbetsjuristen-AB.svg\",\"contentUrl\":\"https:\\\/\\\/www.arbetsjuristen.se\\\/wp-content\\\/uploads\\\/2024\\\/03\\\/Arbetsjuristen-AB.svg\",\"width\":371,\"height\":26,\"caption\":\"Rubinstein &amp; Khoury Byr\u00e5\"},\"image\":{\"@id\":\"https:\\\/\\\/www.arbetsjuristen.se\\\/#\\\/schema\\\/logo\\\/image\\\/\"}}]}<\/script>\n<!-- \/ Yoast SEO plugin. -->","yoast_head_json":{"title":"Karri\u00e4r - Rubinstein & Khoury Byr\u00e5","description":"P\u00e5 Rubinstein & Khoury Byr\u00e5 \u00e4r arbetet mer \u00e4n bara ett arbete. Vi brinner f\u00f6r att skapa resultat.","robots":{"index":"index","follow":"follow","max-snippet":"max-snippet:-1","max-image-preview":"max-image-preview:large","max-video-preview":"max-video-preview:-1"},"canonical":"https:\/\/www.arbetsjuristen.se\/en\/karriar\/","og_locale":"en_US","og_type":"article","og_title":"Karri\u00e4r - Rubinstein & Khoury Byr\u00e5","og_description":"P\u00e5 Rubinstein & Khoury Byr\u00e5 \u00e4r arbetet mer \u00e4n bara ett arbete. Vi brinner f\u00f6r att skapa resultat.","og_url":"https:\/\/www.arbetsjuristen.se\/en\/karriar\/","og_site_name":"Rubinstein &amp; Khoury Byr\u00e5","article_modified_time":"2025-10-06T11:25:14+00:00","og_image":[{"url":"https:\/\/www.arbetsjuristen.se\/wp-content\/uploads\/2024\/03\/Hexagons.svg","type":"","width":"","height":""}],"twitter_card":"summary_large_image","twitter_misc":{"Est. reading time":"2 minutes"},"schema":{"@context":"https:\/\/schema.org","@graph":[{"@type":"WebPage","@id":"https:\/\/www.arbetsjuristen.se\/sv\/karriar\/","url":"https:\/\/www.arbetsjuristen.se\/sv\/karriar\/","name":"Karri\u00e4r - Rubinstein & Khoury Byr\u00e5","isPartOf":{"@id":"https:\/\/www.arbetsjuristen.se\/#website"},"primaryImageOfPage":{"@id":"https:\/\/www.arbetsjuristen.se\/sv\/karriar\/#primaryimage"},"image":{"@id":"https:\/\/www.arbetsjuristen.se\/sv\/karriar\/#primaryimage"},"thumbnailUrl":"https:\/\/www.arbetsjuristen.se\/wp-content\/uploads\/2024\/03\/Hexagons.svg","datePublished":"2024-03-07T17:28:12+00:00","dateModified":"2025-10-06T11:25:14+00:00","description":"P\u00e5 Rubinstein & Khoury Byr\u00e5 \u00e4r arbetet mer \u00e4n bara ett arbete. Vi brinner f\u00f6r att skapa resultat.","breadcrumb":{"@id":"https:\/\/www.arbetsjuristen.se\/sv\/karriar\/#breadcrumb"},"inLanguage":"en-US","potentialAction":[{"@type":"ReadAction","target":["https:\/\/www.arbetsjuristen.se\/sv\/karriar\/"]}]},{"@type":"ImageObject","inLanguage":"en-US","@id":"https:\/\/www.arbetsjuristen.se\/sv\/karriar\/#primaryimage","url":"https:\/\/www.arbetsjuristen.se\/wp-content\/uploads\/2024\/03\/Hexagons.svg","contentUrl":"https:\/\/www.arbetsjuristen.se\/wp-content\/uploads\/2024\/03\/Hexagons.svg"},{"@type":"BreadcrumbList","@id":"https:\/\/www.arbetsjuristen.se\/sv\/karriar\/#breadcrumb","itemListElement":[{"@type":"ListItem","position":1,"name":"Hem","item":"https:\/\/www.arbetsjuristen.se\/"},{"@type":"ListItem","position":2,"name":"Karri\u00e4r"}]},{"@type":"WebSite","@id":"https:\/\/www.arbetsjuristen.se\/#website","url":"https:\/\/www.arbetsjuristen.se\/","name":"Rubinstein &amp; Khoury Byr\u00e5","description":"","publisher":{"@id":"https:\/\/www.arbetsjuristen.se\/#organization"},"potentialAction":[{"@type":"SearchAction","target":{"@type":"EntryPoint","urlTemplate":"https:\/\/www.arbetsjuristen.se\/?s={search_term_string}"},"query-input":{"@type":"PropertyValueSpecification","valueRequired":true,"valueName":"search_term_string"}}],"inLanguage":"en-US"},{"@type":"Organization","@id":"https:\/\/www.arbetsjuristen.se\/#organization","name":"Rubinstein &amp; Khoury Byr\u00e5","url":"https:\/\/www.arbetsjuristen.se\/","logo":{"@type":"ImageObject","inLanguage":"en-US","@id":"https:\/\/www.arbetsjuristen.se\/#\/schema\/logo\/image\/","url":"https:\/\/www.arbetsjuristen.se\/wp-content\/uploads\/2024\/03\/Arbetsjuristen-AB.svg","contentUrl":"https:\/\/www.arbetsjuristen.se\/wp-content\/uploads\/2024\/03\/Arbetsjuristen-AB.svg","width":371,"height":26,"caption":"Rubinstein &amp; Khoury Byr\u00e5"},"image":{"@id":"https:\/\/www.arbetsjuristen.se\/#\/schema\/logo\/image\/"}}]}},"_links":{"self":[{"href":"https:\/\/www.arbetsjuristen.se\/en\/wp-json\/wp\/v2\/pages\/14","targetHints":{"allow":["GET"]}}],"collection":[{"href":"https:\/\/www.arbetsjuristen.se\/en\/wp-json\/wp\/v2\/pages"}],"about":[{"href":"https:\/\/www.arbetsjuristen.se\/en\/wp-json\/wp\/v2\/types\/page"}],"author":[{"embeddable":true,"href":"https:\/\/www.arbetsjuristen.se\/en\/wp-json\/wp\/v2\/users\/1"}],"replies":[{"embeddable":true,"href":"https:\/\/www.arbetsjuristen.se\/en\/wp-json\/wp\/v2\/comments?post=14"}],"version-history":[{"count":67,"href":"https:\/\/www.arbetsjuristen.se\/en\/wp-json\/wp\/v2\/pages\/14\/revisions"}],"predecessor-version":[{"id":3869,"href":"https:\/\/www.arbetsjuristen.se\/en\/wp-json\/wp\/v2\/pages\/14\/revisions\/3869"}],"wp:attachment":[{"href":"https:\/\/www.arbetsjuristen.se\/en\/wp-json\/wp\/v2\/media?parent=14"}],"curies":[{"name":"wp","href":"https:\/\/api.w.org\/{rel}","templated":true}]}}