{"id":1320,"date":"2024-03-19T08:58:26","date_gmt":"2024-03-19T08:58:26","guid":{"rendered":"https:\/\/www.arbetsjuristen.se\/?page_id=1320"},"modified":"2025-10-16T06:34:08","modified_gmt":"2025-10-16T06:34:08","slug":"integritetspolicy","status":"publish","type":"page","link":"https:\/\/www.arbetsjuristen.se\/en\/integritetspolicy\/","title":{"rendered":"Privacy policy"},"content":{"rendered":"\t\t<div data-elementor-type=\"wp-page\" data-elementor-id=\"1320\" class=\"elementor elementor-1320\" data-elementor-post-type=\"page\">\n\t\t\t\t<div class=\"elementor-element elementor-element-304f3747 e-flex e-con-boxed e-con e-parent\" data-id=\"304f3747\" data-element_type=\"container\" data-e-type=\"container\" data-settings=\"{&quot;background_background&quot;:&quot;classic&quot;,&quot;motion_fx_motion_fx_scrolling&quot;:&quot;yes&quot;,&quot;motion_fx_opacity_effect&quot;:&quot;yes&quot;,&quot;motion_fx_opacity_direction&quot;:&quot;in-out&quot;,&quot;motion_fx_opacity_level&quot;:{&quot;unit&quot;:&quot;px&quot;,&quot;size&quot;:15,&quot;sizes&quot;:[]},&quot;motion_fx_opacity_range&quot;:{&quot;unit&quot;:&quot;%&quot;,&quot;size&quot;:&quot;&quot;,&quot;sizes&quot;:{&quot;start&quot;:37,&quot;end&quot;:80}},&quot;motion_fx_devices&quot;:[&quot;desktop&quot;,&quot;tablet&quot;,&quot;mobile&quot;]}\">\n\t\t\t\t\t<div class=\"e-con-inner\">\n\t\t<div class=\"elementor-element elementor-element-75a3bf90 e-flex e-con-boxed elementor-invisible e-con e-child\" data-id=\"75a3bf90\" data-element_type=\"container\" data-e-type=\"container\" data-settings=\"{&quot;animation&quot;:&quot;fadeInUp&quot;}\">\n\t\t\t\t\t<div class=\"e-con-inner\">\n\t\t\t\t\t<\/div>\n\t\t\t\t<\/div>\n\t\t\t\t\t<\/div>\n\t\t\t\t<\/div>\n\t\t<div class=\"elementor-element elementor-element-708b2589 e-flex e-con-boxed e-con e-parent\" data-id=\"708b2589\" data-element_type=\"container\" data-e-type=\"container\" data-settings=\"{&quot;background_background&quot;:&quot;classic&quot;}\">\n\t\t\t\t\t<div class=\"e-con-inner\">\n\t\t<div class=\"elementor-element elementor-element-2ebcce10 e-flex e-con-boxed e-con e-child\" data-id=\"2ebcce10\" data-element_type=\"container\" data-e-type=\"container\">\n\t\t\t\t\t<div class=\"e-con-inner\">\n\t\t<div class=\"elementor-element elementor-element-70aedcfc e-con-full e-flex e-con e-child\" data-id=\"70aedcfc\" data-element_type=\"container\" data-e-type=\"container\">\n\t\t\t\t<div class=\"elementor-element elementor-element-55d87fe6 elementor-widget elementor-widget-heading\" data-id=\"55d87fe6\" data-element_type=\"widget\" data-e-type=\"widget\" data-settings=\"{&quot;motion_fx_motion_fx_scrolling&quot;:&quot;yes&quot;,&quot;motion_fx_opacity_effect&quot;:&quot;yes&quot;,&quot;motion_fx_opacity_direction&quot;:&quot;out-in-out&quot;,&quot;motion_fx_opacity_level&quot;:{&quot;unit&quot;:&quot;px&quot;,&quot;size&quot;:15,&quot;sizes&quot;:[]},&quot;motion_fx_opacity_range&quot;:{&quot;unit&quot;:&quot;%&quot;,&quot;size&quot;:&quot;&quot;,&quot;sizes&quot;:{&quot;start&quot;:30,&quot;end&quot;:80}},&quot;motion_fx_devices&quot;:[&quot;desktop&quot;,&quot;tablet&quot;]}\" data-widget_type=\"heading.default\">\n\t\t\t\t<div class=\"elementor-widget-container\">\n\t\t\t\t\t<h2 class=\"elementor-heading-title elementor-size-default\">Allm\u00e4nt<\/h2>\t\t\t\t<\/div>\n\t\t\t\t<\/div>\n\t\t\t\t<div class=\"elementor-element elementor-element-14157c7f elementor-widget elementor-widget-text-editor\" data-id=\"14157c7f\" data-element_type=\"widget\" data-e-type=\"widget\" data-settings=\"{&quot;motion_fx_motion_fx_scrolling&quot;:&quot;yes&quot;,&quot;motion_fx_opacity_effect&quot;:&quot;yes&quot;,&quot;motion_fx_opacity_direction&quot;:&quot;out-in-out&quot;,&quot;motion_fx_opacity_level&quot;:{&quot;unit&quot;:&quot;px&quot;,&quot;size&quot;:15,&quot;sizes&quot;:[]},&quot;motion_fx_opacity_range&quot;:{&quot;unit&quot;:&quot;%&quot;,&quot;size&quot;:&quot;&quot;,&quot;sizes&quot;:{&quot;start&quot;:30,&quot;end&quot;:76}},&quot;motion_fx_devices&quot;:[&quot;desktop&quot;,&quot;tablet&quot;]}\" data-widget_type=\"text-editor.default\">\n\t\t\t\t<div class=\"elementor-widget-container\">\n\t\t\t\t\t\t\t\t\t<p>Vi hanterar s\u00e4kerheten kring era personuppgifter med st\u00f6rsta respekt och h\u00e4nsyn. P\u00e5 denna sida beskriver vi hur insamling och anv\u00e4ndning av data p\u00e5 denna webbplats hanteras f\u00f6r att f\u00f6lja lagar och f\u00f6rordningar (GDPR).<\/p>\t\t\t\t\t\t\t\t<\/div>\n\t\t\t\t<\/div>\n\t\t\t\t<\/div>\n\t\t<div class=\"elementor-element elementor-element-2d22f90f e-con-full e-flex e-con e-child\" data-id=\"2d22f90f\" data-element_type=\"container\" data-e-type=\"container\">\n\t\t<div class=\"elementor-element elementor-element-8624e62 e-con-full e-flex e-con e-child\" data-id=\"8624e62\" data-element_type=\"container\" data-e-type=\"container\" data-settings=\"{&quot;background_background&quot;:&quot;classic&quot;,&quot;motion_fx_motion_fx_scrolling&quot;:&quot;yes&quot;,&quot;motion_fx_opacity_effect&quot;:&quot;yes&quot;,&quot;motion_fx_opacity_direction&quot;:&quot;out-in-out&quot;,&quot;motion_fx_opacity_level&quot;:{&quot;unit&quot;:&quot;px&quot;,&quot;size&quot;:15,&quot;sizes&quot;:[]},&quot;motion_fx_opacity_range&quot;:{&quot;unit&quot;:&quot;%&quot;,&quot;size&quot;:&quot;&quot;,&quot;sizes&quot;:{&quot;start&quot;:28,&quot;end&quot;:63}},&quot;motion_fx_devices&quot;:[&quot;desktop&quot;,&quot;tablet&quot;,&quot;mobile&quot;]}\">\n\t\t\t\t<div class=\"elementor-element elementor-element-684531fd elementor-widget elementor-widget-heading\" data-id=\"684531fd\" data-element_type=\"widget\" data-e-type=\"widget\" data-settings=\"{&quot;motion_fx_motion_fx_scrolling&quot;:&quot;yes&quot;,&quot;motion_fx_opacity_effect&quot;:&quot;yes&quot;,&quot;motion_fx_opacity_direction&quot;:&quot;out-in-out&quot;,&quot;motion_fx_opacity_level&quot;:{&quot;unit&quot;:&quot;px&quot;,&quot;size&quot;:15,&quot;sizes&quot;:[]},&quot;motion_fx_opacity_range&quot;:{&quot;unit&quot;:&quot;%&quot;,&quot;size&quot;:&quot;&quot;,&quot;sizes&quot;:{&quot;start&quot;:20,&quot;end&quot;:69}},&quot;motion_fx_devices&quot;:[&quot;desktop&quot;,&quot;tablet&quot;]}\" data-widget_type=\"heading.default\">\n\t\t\t\t<div class=\"elementor-widget-container\">\n\t\t\t\t\t<h4 class=\"elementor-heading-title elementor-size-default\">Kontaktinformation ang\u00e5ende integritetspolicyn<\/h4>\t\t\t\t<\/div>\n\t\t\t\t<\/div>\n\t\t\t\t<div class=\"elementor-element elementor-element-f2686d3 link elementor-widget elementor-widget-text-editor\" data-id=\"f2686d3\" data-element_type=\"widget\" data-e-type=\"widget\" data-settings=\"{&quot;motion_fx_motion_fx_scrolling&quot;:&quot;yes&quot;,&quot;motion_fx_opacity_effect&quot;:&quot;yes&quot;,&quot;motion_fx_opacity_direction&quot;:&quot;out-in-out&quot;,&quot;motion_fx_opacity_level&quot;:{&quot;unit&quot;:&quot;px&quot;,&quot;size&quot;:15,&quot;sizes&quot;:[]},&quot;motion_fx_opacity_range&quot;:{&quot;unit&quot;:&quot;%&quot;,&quot;size&quot;:&quot;&quot;,&quot;sizes&quot;:{&quot;start&quot;:10,&quot;end&quot;:69}},&quot;motion_fx_devices&quot;:[&quot;desktop&quot;,&quot;tablet&quot;,&quot;mobile&quot;]}\" data-widget_type=\"text-editor.default\">\n\t\t\t\t<div class=\"elementor-widget-container\">\n\t\t\t\t\t\t\t\t\t<p>E-post: <a href=\"mailto:info@www.arbetsjuristen.se\">info@www.arbetsjuristen.se<\/a><\/p>\t\t\t\t\t\t\t\t<\/div>\n\t\t\t\t<\/div>\n\t\t\t\t<\/div>\n\t\t\t\t<\/div>\n\t\t\t\t<div class=\"elementor-element elementor-element-24b29c1b elementor-absolute elementor-widget elementor-widget-image\" data-id=\"24b29c1b\" data-element_type=\"widget\" data-e-type=\"widget\" data-settings=\"{&quot;_position&quot;:&quot;absolute&quot;}\" data-widget_type=\"image.default\">\n\t\t\t\t<div class=\"elementor-widget-container\">\n\t\t\t\t\t\t\t\t\t\t\t\t\t\t\t<img decoding=\"async\" src=\"https:\/\/www.arbetsjuristen.se\/wp-content\/uploads\/2024\/03\/Hexagons.svg\" title=\"Hexagons\" alt=\"Hexagons\" loading=\"lazy\" \/>\t\t\t\t\t\t\t\t\t\t\t\t\t\t\t<\/div>\n\t\t\t\t<\/div>\n\t\t\t\t\t<\/div>\n\t\t\t\t<\/div>\n\t\t\t\t\t<\/div>\n\t\t\t\t<\/div>\n\t\t<div class=\"elementor-element elementor-element-5dda878f e-flex e-con-boxed e-con e-parent\" data-id=\"5dda878f\" data-element_type=\"container\" data-e-type=\"container\" data-settings=\"{&quot;background_background&quot;:&quot;gradient&quot;}\">\n\t\t\t\t\t<div class=\"e-con-inner\">\n\t\t<div class=\"elementor-element elementor-element-6f1bdc75 e-flex e-con-boxed e-con e-child\" data-id=\"6f1bdc75\" data-element_type=\"container\" data-e-type=\"container\" data-settings=\"{&quot;motion_fx_motion_fx_scrolling&quot;:&quot;yes&quot;,&quot;motion_fx_devices&quot;:[&quot;desktop&quot;,&quot;tablet&quot;]}\">\n\t\t\t\t\t<div class=\"e-con-inner\">\n\t\t<div class=\"elementor-element elementor-element-585a103f e-con-full e-flex e-con e-child\" data-id=\"585a103f\" data-element_type=\"container\" data-e-type=\"container\">\n\t\t\t\t<div class=\"elementor-element elementor-element-199b994 elementor-widget elementor-widget-heading\" data-id=\"199b994\" data-element_type=\"widget\" data-e-type=\"widget\" data-settings=\"{&quot;motion_fx_motion_fx_scrolling&quot;:&quot;yes&quot;,&quot;motion_fx_opacity_effect&quot;:&quot;yes&quot;,&quot;motion_fx_opacity_direction&quot;:&quot;out-in-out&quot;,&quot;motion_fx_opacity_level&quot;:{&quot;unit&quot;:&quot;px&quot;,&quot;size&quot;:15,&quot;sizes&quot;:[]},&quot;motion_fx_devices&quot;:[&quot;desktop&quot;,&quot;tablet&quot;],&quot;motion_fx_opacity_range&quot;:{&quot;unit&quot;:&quot;%&quot;,&quot;size&quot;:&quot;&quot;,&quot;sizes&quot;:{&quot;start&quot;:25,&quot;end&quot;:85}}}\" data-widget_type=\"heading.default\">\n\t\t\t\t<div class=\"elementor-widget-container\">\n\t\t\t\t\t<h2 class=\"elementor-heading-title elementor-size-default\">Vilka uppgifter lagras och hur l\u00e4nge? <\/h2>\t\t\t\t<\/div>\n\t\t\t\t<\/div>\n\t\t\t\t<div class=\"elementor-element elementor-element-2de9aa8f elementor-widget elementor-widget-text-editor\" data-id=\"2de9aa8f\" data-element_type=\"widget\" data-e-type=\"widget\" data-settings=\"{&quot;motion_fx_motion_fx_scrolling&quot;:&quot;yes&quot;,&quot;motion_fx_opacity_effect&quot;:&quot;yes&quot;,&quot;motion_fx_opacity_direction&quot;:&quot;out-in-out&quot;,&quot;motion_fx_opacity_level&quot;:{&quot;unit&quot;:&quot;px&quot;,&quot;size&quot;:15,&quot;sizes&quot;:[]},&quot;motion_fx_opacity_range&quot;:{&quot;unit&quot;:&quot;%&quot;,&quot;size&quot;:&quot;&quot;,&quot;sizes&quot;:{&quot;start&quot;:30,&quot;end&quot;:76}},&quot;motion_fx_devices&quot;:[&quot;desktop&quot;,&quot;tablet&quot;]}\" data-widget_type=\"text-editor.default\">\n\t\t\t\t<div class=\"elementor-widget-container\">\n\t\t\t\t\t\t\t\t\t<p>De uppgifter som lagras \u00e4r de f\u00e4lt som respektive inskicksformul\u00e4r inneh\u00e5ller. Vi sparar uppgifterna s\u00e5 l\u00e4nge det \u00e4r n\u00f6dv\u00e4ndigt med h\u00e4nsyn till \u00e4ndam\u00e5len med tj\u00e4nsten.<\/p>\t\t\t\t\t\t\t\t<\/div>\n\t\t\t\t<\/div>\n\t\t\t\t<div class=\"elementor-element elementor-element-6d1ba66 elementor-widget elementor-widget-heading\" data-id=\"6d1ba66\" data-element_type=\"widget\" data-e-type=\"widget\" data-settings=\"{&quot;motion_fx_motion_fx_scrolling&quot;:&quot;yes&quot;,&quot;motion_fx_opacity_effect&quot;:&quot;yes&quot;,&quot;motion_fx_opacity_direction&quot;:&quot;out-in-out&quot;,&quot;motion_fx_opacity_level&quot;:{&quot;unit&quot;:&quot;px&quot;,&quot;size&quot;:15,&quot;sizes&quot;:[]},&quot;motion_fx_devices&quot;:[&quot;desktop&quot;,&quot;tablet&quot;],&quot;motion_fx_opacity_range&quot;:{&quot;unit&quot;:&quot;%&quot;,&quot;size&quot;:&quot;&quot;,&quot;sizes&quot;:{&quot;start&quot;:25,&quot;end&quot;:85}}}\" data-widget_type=\"heading.default\">\n\t\t\t\t<div class=\"elementor-widget-container\">\n\t\t\t\t\t<h4 class=\"elementor-heading-title elementor-size-default\">Ta del av, \u00e4ndra eller radera den lagrade informationen\n<\/h4>\t\t\t\t<\/div>\n\t\t\t\t<\/div>\n\t\t\t\t<div class=\"elementor-element elementor-element-508036f elementor-widget elementor-widget-text-editor\" data-id=\"508036f\" data-element_type=\"widget\" data-e-type=\"widget\" data-settings=\"{&quot;motion_fx_motion_fx_scrolling&quot;:&quot;yes&quot;,&quot;motion_fx_opacity_effect&quot;:&quot;yes&quot;,&quot;motion_fx_opacity_direction&quot;:&quot;out-in-out&quot;,&quot;motion_fx_opacity_level&quot;:{&quot;unit&quot;:&quot;px&quot;,&quot;size&quot;:15,&quot;sizes&quot;:[]},&quot;motion_fx_opacity_range&quot;:{&quot;unit&quot;:&quot;%&quot;,&quot;size&quot;:&quot;&quot;,&quot;sizes&quot;:{&quot;start&quot;:30,&quot;end&quot;:76}},&quot;motion_fx_devices&quot;:[&quot;desktop&quot;,&quot;tablet&quot;]}\" data-widget_type=\"text-editor.default\">\n\t\t\t\t<div class=\"elementor-widget-container\">\n\t\t\t\t\t\t\t\t\t<p>Du har r\u00e4tt att beg\u00e4ra information om vilka personuppgifter vi har lagrade om dig upp till en g\u00e5ng per \u00e5r. F\u00f6r att g\u00f6ra detta kontaktar du personuppgiftsansvarig. Du har \u00e4ven r\u00e4tt att beg\u00e4ra r\u00e4ttning, radering av dina personuppgifter n\u00e4r som helst.<\/p>\t\t\t\t\t\t\t\t<\/div>\n\t\t\t\t<\/div>\n\t\t\t\t<div class=\"elementor-element elementor-element-68b151a elementor-widget elementor-widget-heading\" data-id=\"68b151a\" data-element_type=\"widget\" data-e-type=\"widget\" data-settings=\"{&quot;motion_fx_motion_fx_scrolling&quot;:&quot;yes&quot;,&quot;motion_fx_opacity_effect&quot;:&quot;yes&quot;,&quot;motion_fx_opacity_direction&quot;:&quot;out-in-out&quot;,&quot;motion_fx_opacity_level&quot;:{&quot;unit&quot;:&quot;px&quot;,&quot;size&quot;:15,&quot;sizes&quot;:[]},&quot;motion_fx_devices&quot;:[&quot;desktop&quot;,&quot;tablet&quot;],&quot;motion_fx_opacity_range&quot;:{&quot;unit&quot;:&quot;%&quot;,&quot;size&quot;:&quot;&quot;,&quot;sizes&quot;:{&quot;start&quot;:25,&quot;end&quot;:85}}}\" data-widget_type=\"heading.default\">\n\t\t\t\t<div class=\"elementor-widget-container\">\n\t\t\t\t\t<h4 class=\"elementor-heading-title elementor-size-default\">Samtycke<\/h4>\t\t\t\t<\/div>\n\t\t\t\t<\/div>\n\t\t\t\t<div class=\"elementor-element elementor-element-93b151e elementor-widget elementor-widget-text-editor\" data-id=\"93b151e\" data-element_type=\"widget\" data-e-type=\"widget\" data-settings=\"{&quot;motion_fx_motion_fx_scrolling&quot;:&quot;yes&quot;,&quot;motion_fx_opacity_effect&quot;:&quot;yes&quot;,&quot;motion_fx_opacity_direction&quot;:&quot;out-in-out&quot;,&quot;motion_fx_opacity_level&quot;:{&quot;unit&quot;:&quot;px&quot;,&quot;size&quot;:15,&quot;sizes&quot;:[]},&quot;motion_fx_opacity_range&quot;:{&quot;unit&quot;:&quot;%&quot;,&quot;size&quot;:&quot;&quot;,&quot;sizes&quot;:{&quot;start&quot;:30,&quot;end&quot;:76}},&quot;motion_fx_devices&quot;:[&quot;desktop&quot;,&quot;tablet&quot;]}\" data-widget_type=\"text-editor.default\">\n\t\t\t\t<div class=\"elementor-widget-container\">\n\t\t\t\t\t\t\t\t\t<p>Du har r\u00e4tt att \u00e5terkalla samtycke till anv\u00e4ndning av dina personuppgifter n\u00e4r som helst genom att kontakta personuppgiftsansvarig.<\/p>\t\t\t\t\t\t\t\t<\/div>\n\t\t\t\t<\/div>\n\t\t\t\t<\/div>\n\t\t\t\t<div class=\"elementor-element elementor-element-79cadf50 elementor-absolute elementor-widget elementor-widget-image\" data-id=\"79cadf50\" data-element_type=\"widget\" data-e-type=\"widget\" data-settings=\"{&quot;_position&quot;:&quot;absolute&quot;}\" data-widget_type=\"image.default\">\n\t\t\t\t<div class=\"elementor-widget-container\">\n\t\t\t\t\t\t\t\t\t\t\t\t\t\t\t<img decoding=\"async\" src=\"https:\/\/www.arbetsjuristen.se\/wp-content\/uploads\/2024\/03\/Hexagons.svg\" title=\"Hexagons\" alt=\"Hexagons\" loading=\"lazy\" \/>\t\t\t\t\t\t\t\t\t\t\t\t\t\t\t<\/div>\n\t\t\t\t<\/div>\n\t\t\t\t\t<\/div>\n\t\t\t\t<\/div>\n\t\t\t\t\t<\/div>\n\t\t\t\t<\/div>\n\t\t\t\t<\/div>\n\t\t","protected":false},"excerpt":{"rendered":"<p>Allm\u00e4nt Vi hanterar s\u00e4kerheten kring era personuppgifter med st\u00f6rsta respekt och h\u00e4nsyn. P\u00e5 denna sida beskriver vi hur insamling och anv\u00e4ndning av data p\u00e5 denna webbplats hanteras f\u00f6r att f\u00f6lja lagar och f\u00f6rordningar (GDPR). Kontaktinformation ang\u00e5ende integritetspolicyn E-post: info@www.arbetsjuristen.se Vilka uppgifter lagras och hur l\u00e4nge? De uppgifter som lagras \u00e4r de f\u00e4lt som respektive inskicksformul\u00e4r [&hellip;]<\/p>\n","protected":false},"author":1,"featured_media":0,"parent":0,"menu_order":0,"comment_status":"closed","ping_status":"closed","template":"","meta":{"footnotes":""},"class_list":["post-1320","page","type-page","status-publish","hentry"],"yoast_head":"<!-- This site is optimized with the Yoast SEO plugin v27.4 - https:\/\/yoast.com\/product\/yoast-seo-wordpress\/ -->\n<title>Integritetspolicy - Rubinstein &amp; Khoury Byr\u00e5<\/title>\n<meta name=\"robots\" content=\"index, follow, max-snippet:-1, max-image-preview:large, max-video-preview:-1\" \/>\n<link rel=\"canonical\" href=\"https:\/\/www.arbetsjuristen.se\/en\/integritetspolicy\/\" \/>\n<meta property=\"og:locale\" content=\"en_US\" \/>\n<meta property=\"og:type\" content=\"article\" \/>\n<meta property=\"og:title\" content=\"Integritetspolicy - Rubinstein &amp; Khoury Byr\u00e5\" \/>\n<meta property=\"og:description\" content=\"Allm\u00e4nt Vi hanterar s\u00e4kerheten kring era personuppgifter med st\u00f6rsta respekt och h\u00e4nsyn. P\u00e5 denna sida beskriver vi hur insamling och anv\u00e4ndning av data p\u00e5 denna webbplats hanteras f\u00f6r att f\u00f6lja lagar och f\u00f6rordningar (GDPR). Kontaktinformation ang\u00e5ende integritetspolicyn E-post: info@www.arbetsjuristen.se Vilka uppgifter lagras och hur l\u00e4nge? De uppgifter som lagras \u00e4r de f\u00e4lt som respektive inskicksformul\u00e4r [&hellip;]\" \/>\n<meta property=\"og:url\" content=\"https:\/\/www.arbetsjuristen.se\/en\/integritetspolicy\/\" \/>\n<meta property=\"og:site_name\" content=\"Rubinstein &amp; Khoury Byr\u00e5\" \/>\n<meta property=\"article:modified_time\" content=\"2025-10-16T06:34:08+00:00\" \/>\n<meta property=\"og:image\" content=\"https:\/\/www.arbetsjuristen.se\/wp-content\/uploads\/2024\/03\/Hexagons.svg\" \/>\n<meta name=\"twitter:card\" content=\"summary_large_image\" \/>\n<meta name=\"twitter:label1\" content=\"Est. reading time\" \/>\n\t<meta name=\"twitter:data1\" content=\"2 minutes\" \/>\n<script type=\"application\/ld+json\" class=\"yoast-schema-graph\">{\"@context\":\"https:\\\/\\\/schema.org\",\"@graph\":[{\"@type\":\"WebPage\",\"@id\":\"https:\\\/\\\/www.arbetsjuristen.se\\\/sv\\\/integritetspolicy\\\/\",\"url\":\"https:\\\/\\\/www.arbetsjuristen.se\\\/sv\\\/integritetspolicy\\\/\",\"name\":\"Integritetspolicy - Rubinstein &amp; Khoury Byr\u00e5\",\"isPartOf\":{\"@id\":\"https:\\\/\\\/www.arbetsjuristen.se\\\/#website\"},\"primaryImageOfPage\":{\"@id\":\"https:\\\/\\\/www.arbetsjuristen.se\\\/sv\\\/integritetspolicy\\\/#primaryimage\"},\"image\":{\"@id\":\"https:\\\/\\\/www.arbetsjuristen.se\\\/sv\\\/integritetspolicy\\\/#primaryimage\"},\"thumbnailUrl\":\"https:\\\/\\\/www.arbetsjuristen.se\\\/wp-content\\\/uploads\\\/2024\\\/03\\\/Hexagons.svg\",\"datePublished\":\"2024-03-19T08:58:26+00:00\",\"dateModified\":\"2025-10-16T06:34:08+00:00\",\"breadcrumb\":{\"@id\":\"https:\\\/\\\/www.arbetsjuristen.se\\\/sv\\\/integritetspolicy\\\/#breadcrumb\"},\"inLanguage\":\"en-US\",\"potentialAction\":[{\"@type\":\"ReadAction\",\"target\":[\"https:\\\/\\\/www.arbetsjuristen.se\\\/sv\\\/integritetspolicy\\\/\"]}]},{\"@type\":\"ImageObject\",\"inLanguage\":\"en-US\",\"@id\":\"https:\\\/\\\/www.arbetsjuristen.se\\\/sv\\\/integritetspolicy\\\/#primaryimage\",\"url\":\"https:\\\/\\\/www.arbetsjuristen.se\\\/wp-content\\\/uploads\\\/2024\\\/03\\\/Hexagons.svg\",\"contentUrl\":\"https:\\\/\\\/www.arbetsjuristen.se\\\/wp-content\\\/uploads\\\/2024\\\/03\\\/Hexagons.svg\"},{\"@type\":\"BreadcrumbList\",\"@id\":\"https:\\\/\\\/www.arbetsjuristen.se\\\/sv\\\/integritetspolicy\\\/#breadcrumb\",\"itemListElement\":[{\"@type\":\"ListItem\",\"position\":1,\"name\":\"Hem\",\"item\":\"https:\\\/\\\/www.arbetsjuristen.se\\\/\"},{\"@type\":\"ListItem\",\"position\":2,\"name\":\"Integritetspolicy\"}]},{\"@type\":\"WebSite\",\"@id\":\"https:\\\/\\\/www.arbetsjuristen.se\\\/#website\",\"url\":\"https:\\\/\\\/www.arbetsjuristen.se\\\/\",\"name\":\"Rubinstein &amp; Khoury Byr\u00e5\",\"description\":\"\",\"publisher\":{\"@id\":\"https:\\\/\\\/www.arbetsjuristen.se\\\/#organization\"},\"potentialAction\":[{\"@type\":\"SearchAction\",\"target\":{\"@type\":\"EntryPoint\",\"urlTemplate\":\"https:\\\/\\\/www.arbetsjuristen.se\\\/?s={search_term_string}\"},\"query-input\":{\"@type\":\"PropertyValueSpecification\",\"valueRequired\":true,\"valueName\":\"search_term_string\"}}],\"inLanguage\":\"en-US\"},{\"@type\":\"Organization\",\"@id\":\"https:\\\/\\\/www.arbetsjuristen.se\\\/#organization\",\"name\":\"Rubinstein &amp; Khoury Byr\u00e5\",\"url\":\"https:\\\/\\\/www.arbetsjuristen.se\\\/\",\"logo\":{\"@type\":\"ImageObject\",\"inLanguage\":\"en-US\",\"@id\":\"https:\\\/\\\/www.arbetsjuristen.se\\\/#\\\/schema\\\/logo\\\/image\\\/\",\"url\":\"https:\\\/\\\/www.arbetsjuristen.se\\\/wp-content\\\/uploads\\\/2024\\\/03\\\/Arbetsjuristen-AB.svg\",\"contentUrl\":\"https:\\\/\\\/www.arbetsjuristen.se\\\/wp-content\\\/uploads\\\/2024\\\/03\\\/Arbetsjuristen-AB.svg\",\"width\":371,\"height\":26,\"caption\":\"Rubinstein &amp; Khoury Byr\u00e5\"},\"image\":{\"@id\":\"https:\\\/\\\/www.arbetsjuristen.se\\\/#\\\/schema\\\/logo\\\/image\\\/\"}}]}<\/script>\n<!-- \/ Yoast SEO plugin. -->","yoast_head_json":{"title":"Integritetspolicy - Rubinstein &amp; Khoury Byr\u00e5","robots":{"index":"index","follow":"follow","max-snippet":"max-snippet:-1","max-image-preview":"max-image-preview:large","max-video-preview":"max-video-preview:-1"},"canonical":"https:\/\/www.arbetsjuristen.se\/en\/integritetspolicy\/","og_locale":"en_US","og_type":"article","og_title":"Integritetspolicy - Rubinstein &amp; Khoury Byr\u00e5","og_description":"Allm\u00e4nt Vi hanterar s\u00e4kerheten kring era personuppgifter med st\u00f6rsta respekt och h\u00e4nsyn. P\u00e5 denna sida beskriver vi hur insamling och anv\u00e4ndning av data p\u00e5 denna webbplats hanteras f\u00f6r att f\u00f6lja lagar och f\u00f6rordningar (GDPR). Kontaktinformation ang\u00e5ende integritetspolicyn E-post: info@www.arbetsjuristen.se Vilka uppgifter lagras och hur l\u00e4nge? De uppgifter som lagras \u00e4r de f\u00e4lt som respektive inskicksformul\u00e4r [&hellip;]","og_url":"https:\/\/www.arbetsjuristen.se\/en\/integritetspolicy\/","og_site_name":"Rubinstein &amp; Khoury Byr\u00e5","article_modified_time":"2025-10-16T06:34:08+00:00","og_image":[{"url":"https:\/\/www.arbetsjuristen.se\/wp-content\/uploads\/2024\/03\/Hexagons.svg","type":"","width":"","height":""}],"twitter_card":"summary_large_image","twitter_misc":{"Est. reading time":"2 minutes"},"schema":{"@context":"https:\/\/schema.org","@graph":[{"@type":"WebPage","@id":"https:\/\/www.arbetsjuristen.se\/sv\/integritetspolicy\/","url":"https:\/\/www.arbetsjuristen.se\/sv\/integritetspolicy\/","name":"Integritetspolicy - Rubinstein &amp; Khoury Byr\u00e5","isPartOf":{"@id":"https:\/\/www.arbetsjuristen.se\/#website"},"primaryImageOfPage":{"@id":"https:\/\/www.arbetsjuristen.se\/sv\/integritetspolicy\/#primaryimage"},"image":{"@id":"https:\/\/www.arbetsjuristen.se\/sv\/integritetspolicy\/#primaryimage"},"thumbnailUrl":"https:\/\/www.arbetsjuristen.se\/wp-content\/uploads\/2024\/03\/Hexagons.svg","datePublished":"2024-03-19T08:58:26+00:00","dateModified":"2025-10-16T06:34:08+00:00","breadcrumb":{"@id":"https:\/\/www.arbetsjuristen.se\/sv\/integritetspolicy\/#breadcrumb"},"inLanguage":"en-US","potentialAction":[{"@type":"ReadAction","target":["https:\/\/www.arbetsjuristen.se\/sv\/integritetspolicy\/"]}]},{"@type":"ImageObject","inLanguage":"en-US","@id":"https:\/\/www.arbetsjuristen.se\/sv\/integritetspolicy\/#primaryimage","url":"https:\/\/www.arbetsjuristen.se\/wp-content\/uploads\/2024\/03\/Hexagons.svg","contentUrl":"https:\/\/www.arbetsjuristen.se\/wp-content\/uploads\/2024\/03\/Hexagons.svg"},{"@type":"BreadcrumbList","@id":"https:\/\/www.arbetsjuristen.se\/sv\/integritetspolicy\/#breadcrumb","itemListElement":[{"@type":"ListItem","position":1,"name":"Hem","item":"https:\/\/www.arbetsjuristen.se\/"},{"@type":"ListItem","position":2,"name":"Integritetspolicy"}]},{"@type":"WebSite","@id":"https:\/\/www.arbetsjuristen.se\/#website","url":"https:\/\/www.arbetsjuristen.se\/","name":"Rubinstein &amp; Khoury Byr\u00e5","description":"","publisher":{"@id":"https:\/\/www.arbetsjuristen.se\/#organization"},"potentialAction":[{"@type":"SearchAction","target":{"@type":"EntryPoint","urlTemplate":"https:\/\/www.arbetsjuristen.se\/?s={search_term_string}"},"query-input":{"@type":"PropertyValueSpecification","valueRequired":true,"valueName":"search_term_string"}}],"inLanguage":"en-US"},{"@type":"Organization","@id":"https:\/\/www.arbetsjuristen.se\/#organization","name":"Rubinstein &amp; Khoury Byr\u00e5","url":"https:\/\/www.arbetsjuristen.se\/","logo":{"@type":"ImageObject","inLanguage":"en-US","@id":"https:\/\/www.arbetsjuristen.se\/#\/schema\/logo\/image\/","url":"https:\/\/www.arbetsjuristen.se\/wp-content\/uploads\/2024\/03\/Arbetsjuristen-AB.svg","contentUrl":"https:\/\/www.arbetsjuristen.se\/wp-content\/uploads\/2024\/03\/Arbetsjuristen-AB.svg","width":371,"height":26,"caption":"Rubinstein &amp; Khoury Byr\u00e5"},"image":{"@id":"https:\/\/www.arbetsjuristen.se\/#\/schema\/logo\/image\/"}}]}},"_links":{"self":[{"href":"https:\/\/www.arbetsjuristen.se\/en\/wp-json\/wp\/v2\/pages\/1320","targetHints":{"allow":["GET"]}}],"collection":[{"href":"https:\/\/www.arbetsjuristen.se\/en\/wp-json\/wp\/v2\/pages"}],"about":[{"href":"https:\/\/www.arbetsjuristen.se\/en\/wp-json\/wp\/v2\/types\/page"}],"author":[{"embeddable":true,"href":"https:\/\/www.arbetsjuristen.se\/en\/wp-json\/wp\/v2\/users\/1"}],"replies":[{"embeddable":true,"href":"https:\/\/www.arbetsjuristen.se\/en\/wp-json\/wp\/v2\/comments?post=1320"}],"version-history":[{"count":49,"href":"https:\/\/www.arbetsjuristen.se\/en\/wp-json\/wp\/v2\/pages\/1320\/revisions"}],"predecessor-version":[{"id":4189,"href":"https:\/\/www.arbetsjuristen.se\/en\/wp-json\/wp\/v2\/pages\/1320\/revisions\/4189"}],"wp:attachment":[{"href":"https:\/\/www.arbetsjuristen.se\/en\/wp-json\/wp\/v2\/media?parent=1320"}],"curies":[{"name":"wp","href":"https:\/\/api.w.org\/{rel}","templated":true}]}}