{"id":10,"date":"2024-03-07T17:27:55","date_gmt":"2024-03-07T17:27:55","guid":{"rendered":"https:\/\/www.arbetsjuristen.se\/?page_id=10"},"modified":"2025-11-06T14:03:43","modified_gmt":"2025-11-06T14:03:43","slug":"om-oss","status":"publish","type":"page","link":"https:\/\/www.arbetsjuristen.se\/en\/om-oss\/","title":{"rendered":"About us"},"content":{"rendered":"\t\t<div data-elementor-type=\"wp-page\" data-elementor-id=\"10\" class=\"elementor elementor-10\" data-elementor-post-type=\"page\">\n\t\t\t\t<div class=\"elementor-element elementor-element-d4270d7 e-flex e-con-boxed e-con e-parent\" data-id=\"d4270d7\" data-element_type=\"container\" data-e-type=\"container\" data-settings=\"{&quot;background_background&quot;:&quot;classic&quot;,&quot;motion_fx_motion_fx_scrolling&quot;:&quot;yes&quot;,&quot;motion_fx_opacity_effect&quot;:&quot;yes&quot;,&quot;motion_fx_opacity_direction&quot;:&quot;in-out&quot;,&quot;motion_fx_opacity_level&quot;:{&quot;unit&quot;:&quot;px&quot;,&quot;size&quot;:15,&quot;sizes&quot;:[]},&quot;motion_fx_opacity_range&quot;:{&quot;unit&quot;:&quot;%&quot;,&quot;size&quot;:&quot;&quot;,&quot;sizes&quot;:{&quot;start&quot;:38,&quot;end&quot;:80}},&quot;motion_fx_devices&quot;:[&quot;desktop&quot;,&quot;tablet&quot;,&quot;mobile&quot;]}\">\n\t\t\t\t\t<div class=\"e-con-inner\">\n\t\t<div class=\"elementor-element elementor-element-ed02003 e-flex e-con-boxed elementor-invisible e-con e-child\" data-id=\"ed02003\" data-element_type=\"container\" data-e-type=\"container\" data-settings=\"{&quot;motion_fx_motion_fx_scrolling&quot;:&quot;yes&quot;,&quot;animation&quot;:&quot;fadeInUp&quot;,&quot;motion_fx_devices&quot;:[&quot;desktop&quot;,&quot;tablet&quot;,&quot;mobile&quot;]}\">\n\t\t\t\t\t<div class=\"e-con-inner\">\n\t\t\t\t\t<\/div>\n\t\t\t\t<\/div>\n\t\t\t\t\t<\/div>\n\t\t\t\t<\/div>\n\t\t<div class=\"elementor-element elementor-element-ad55dc1 e-flex e-con-boxed e-con e-parent\" data-id=\"ad55dc1\" data-element_type=\"container\" data-e-type=\"container\" data-settings=\"{&quot;background_background&quot;:&quot;classic&quot;}\">\n\t\t\t\t\t<div class=\"e-con-inner\">\n\t\t<div class=\"elementor-element elementor-element-7a47cf4 e-flex e-con-boxed e-con e-child\" data-id=\"7a47cf4\" data-element_type=\"container\" data-e-type=\"container\" data-settings=\"{&quot;motion_fx_motion_fx_scrolling&quot;:&quot;yes&quot;,&quot;motion_fx_devices&quot;:[&quot;desktop&quot;,&quot;tablet&quot;,&quot;mobile&quot;]}\">\n\t\t\t\t\t<div class=\"e-con-inner\">\n\t\t\t\t<div class=\"elementor-element elementor-element-e3d6e94 elementor-absolute elementor-widget elementor-widget-image\" data-id=\"e3d6e94\" data-element_type=\"widget\" data-e-type=\"widget\" data-settings=\"{&quot;_position&quot;:&quot;absolute&quot;}\" data-widget_type=\"image.default\">\n\t\t\t\t<div class=\"elementor-widget-container\">\n\t\t\t\t\t\t\t\t\t\t\t\t\t\t\t<img decoding=\"async\" src=\"https:\/\/www.arbetsjuristen.se\/wp-content\/uploads\/2024\/03\/Hexagons.svg\" title=\"Hexagons\" alt=\"Hexagons\" loading=\"lazy\" \/>\t\t\t\t\t\t\t\t\t\t\t\t\t\t\t<\/div>\n\t\t\t\t<\/div>\n\t\t<div class=\"elementor-element elementor-element-9c45b29 e-con-full e-flex e-con e-child\" data-id=\"9c45b29\" data-element_type=\"container\" data-e-type=\"container\">\n\t\t\t\t<div class=\"elementor-element elementor-element-2df27bb elementor-widget elementor-widget-text-editor\" data-id=\"2df27bb\" data-element_type=\"widget\" data-e-type=\"widget\" data-settings=\"{&quot;motion_fx_opacity_effect&quot;:&quot;yes&quot;,&quot;motion_fx_opacity_direction&quot;:&quot;out-in-out&quot;,&quot;motion_fx_opacity_level&quot;:{&quot;unit&quot;:&quot;px&quot;,&quot;size&quot;:15,&quot;sizes&quot;:[]},&quot;motion_fx_opacity_range&quot;:{&quot;unit&quot;:&quot;%&quot;,&quot;size&quot;:&quot;&quot;,&quot;sizes&quot;:{&quot;start&quot;:20,&quot;end&quot;:90}},&quot;motion_fx_motion_fx_scrolling&quot;:&quot;yes&quot;,&quot;motion_fx_devices&quot;:[&quot;desktop&quot;,&quot;tablet&quot;]}\" data-widget_type=\"text-editor.default\">\n\t\t\t\t<div class=\"elementor-widget-container\">\n\t\t\t\t\t\t\t\t\t<p><span style=\"font-weight: 400;\">Vi \u00e4r specialiserade inom arbetsr\u00e4tt, bolagsr\u00e4tt och fastighetsr\u00e4tt. <\/span><span style=\"font-weight: 400;\">Bland v\u00e5ra klienter finns allt fr\u00e5n arbetstagare, enskilda firmor och sm\u00e5bolag till stora koncerner.<\/span><\/p>\t\t\t\t\t\t\t\t<\/div>\n\t\t\t\t<\/div>\n\t\t\t\t<div class=\"elementor-element elementor-element-2c68b76 elementor-widget elementor-widget-heading\" data-id=\"2c68b76\" data-element_type=\"widget\" data-e-type=\"widget\" data-widget_type=\"heading.default\">\n\t\t\t\t<div class=\"elementor-widget-container\">\n\t\t\t\t\t<h2 class=\"elementor-heading-title elementor-size-default\">Kontakta oss och beskriv ditt \u00e4rende                                                                                                                                i meddelanderutan nedan<\/h2>\t\t\t\t<\/div>\n\t\t\t\t<\/div>\n\t\t\t\t<\/div>\n\t\t<div class=\"elementor-element elementor-element-52247c93 e-con-full e-flex e-con e-child\" data-id=\"52247c93\" data-element_type=\"container\" data-e-type=\"container\" data-settings=\"{&quot;background_background&quot;:&quot;classic&quot;,&quot;motion_fx_motion_fx_scrolling&quot;:&quot;yes&quot;,&quot;motion_fx_devices&quot;:[&quot;desktop&quot;,&quot;tablet&quot;]}\">\n\t\t<div class=\"elementor-element elementor-element-4ab2db38 e-flex e-con-boxed e-con e-child\" data-id=\"4ab2db38\" data-element_type=\"container\" data-e-type=\"container\" id=\"formular\" data-settings=\"{&quot;background_background&quot;:&quot;gradient&quot;}\">\n\t\t\t\t\t<div class=\"e-con-inner\">\n\t\t\t\t<div class=\"elementor-element elementor-element-7dc543fe elementor-absolute e-transform elementor-widget elementor-widget-image\" data-id=\"7dc543fe\" data-element_type=\"widget\" data-e-type=\"widget\" data-settings=\"{&quot;_position&quot;:&quot;absolute&quot;,&quot;_transform_flipX_effect&quot;:&quot;transform&quot;}\" data-widget_type=\"image.default\">\n\t\t\t\t<div class=\"elementor-widget-container\">\n\t\t\t\t\t\t\t\t\t\t\t\t\t\t\t<img decoding=\"async\" src=\"https:\/\/www.arbetsjuristen.se\/wp-content\/uploads\/2024\/03\/Hexagons.svg\" title=\"Hexagons\" alt=\"Hexagons\" loading=\"lazy\" \/>\t\t\t\t\t\t\t\t\t\t\t\t\t\t\t<\/div>\n\t\t\t\t<\/div>\n\t\t\t\t<div class=\"elementor-element elementor-element-252bbe69 elementor-button-align-end elementor-mobile-button-align-stretch elementor-widget elementor-widget-form\" data-id=\"252bbe69\" data-element_type=\"widget\" data-e-type=\"widget\" data-settings=\"{&quot;step_next_label&quot;:&quot;N\\u00e4sta&quot;,&quot;step_previous_label&quot;:&quot;F\\u00f6reg\\u00e5ende&quot;,&quot;button_width&quot;:&quot;100&quot;,&quot;step_type&quot;:&quot;number_text&quot;,&quot;step_icon_shape&quot;:&quot;circle&quot;}\" data-widget_type=\"form.default\">\n\t\t\t\t<div class=\"elementor-widget-container\">\n\t\t\t\t\t\t\t<form class=\"elementor-form\" method=\"post\" name=\"Nytt formul\u00e4r\" aria-label=\"Nytt formul\u00e4r\">\n\t\t\t<input type=\"hidden\" name=\"post_id\" value=\"10\"\/>\n\t\t\t<input type=\"hidden\" name=\"form_id\" value=\"252bbe69\"\/>\n\t\t\t<input type=\"hidden\" name=\"referer_title\" value=\"Om oss - Rubinstein &amp; Khoury Byr\u00e5\" \/>\n\n\t\t\t\t\t\t\t<input type=\"hidden\" name=\"queried_id\" value=\"10\"\/>\n\t\t\t\n\t\t\t<div class=\"elementor-form-fields-wrapper elementor-labels-above\">\n\t\t\t\t\t\t\t\t<div class=\"elementor-field-type-text elementor-field-group elementor-column elementor-field-group-name elementor-col-50 elementor-field-required\">\n\t\t\t\t\t\t\t\t\t\t\t\t<label for=\"form-field-name\" class=\"elementor-field-label\">\n\t\t\t\t\t\t\t\tF\u00f6rnamn\t\t\t\t\t\t\t<\/label>\n\t\t\t\t\t\t\t\t\t\t\t\t\t\t<input size=\"1\" type=\"text\" name=\"form_fields[name]\" id=\"form-field-name\" class=\"elementor-field elementor-size-sm  elementor-field-textual\" placeholder=\"F\u00f6rnamn\" required=\"required\">\n\t\t\t\t\t\t\t\t\t\t\t<\/div>\n\t\t\t\t\t\t\t\t<div class=\"elementor-field-type-text elementor-field-group elementor-column elementor-field-group-field_bc9411c elementor-col-50 elementor-field-required\">\n\t\t\t\t\t\t\t\t\t\t\t\t<label for=\"form-field-field_bc9411c\" class=\"elementor-field-label\">\n\t\t\t\t\t\t\t\tEfternamn\t\t\t\t\t\t\t<\/label>\n\t\t\t\t\t\t\t\t\t\t\t\t\t\t<input size=\"1\" type=\"text\" name=\"form_fields[field_bc9411c]\" id=\"form-field-field_bc9411c\" class=\"elementor-field elementor-size-sm  elementor-field-textual\" placeholder=\"Efternamn\" required=\"required\">\n\t\t\t\t\t\t\t\t\t\t\t<\/div>\n\t\t\t\t\t\t\t\t<div class=\"elementor-field-type-email elementor-field-group elementor-column elementor-field-group-email elementor-col-50 elementor-field-required\">\n\t\t\t\t\t\t\t\t\t\t\t\t<label for=\"form-field-email\" class=\"elementor-field-label\">\n\t\t\t\t\t\t\t\tMailadress\t\t\t\t\t\t\t<\/label>\n\t\t\t\t\t\t\t\t\t\t\t\t\t\t<input size=\"1\" type=\"email\" name=\"form_fields[email]\" id=\"form-field-email\" class=\"elementor-field elementor-size-sm  elementor-field-textual\" placeholder=\"Example@gmail.com\" required=\"required\">\n\t\t\t\t\t\t\t\t\t\t\t<\/div>\n\t\t\t\t\t\t\t\t<div class=\"elementor-field-type-tel elementor-field-group elementor-column elementor-field-group-field_7e96661 elementor-col-50 elementor-field-required\">\n\t\t\t\t\t\t\t\t\t\t\t\t<label for=\"form-field-field_7e96661\" class=\"elementor-field-label\">\n\t\t\t\t\t\t\t\tTelefonnummer\t\t\t\t\t\t\t<\/label>\n\t\t\t\t\t\t\t\t<input size=\"1\" type=\"tel\" name=\"form_fields[field_7e96661]\" id=\"form-field-field_7e96661\" class=\"elementor-field elementor-size-sm  elementor-field-textual\" placeholder=\"072 - xxx xx xx\" required=\"required\" pattern=\"[0-9()#&amp;+*-=.]+\" title=\"Endast siffror och telefontecken (#, -, *, etc) accepteras.\">\n\n\t\t\t\t\t\t<\/div>\n\t\t\t\t\t\t\t\t<div class=\"elementor-field-type-select elementor-field-group elementor-column elementor-field-group-field_27560eb elementor-col-50 elementor-field-required\">\n\t\t\t\t\t\t\t\t\t\t\t\t<label for=\"form-field-field_27560eb\" class=\"elementor-field-label\">\n\t\t\t\t\t\t\t\tVem g\u00e4ller \u00e4rendet?\t\t\t\t\t\t\t<\/label>\n\t\t\t\t\t\t\t\t<div class=\"elementor-field elementor-select-wrapper remove-before \">\n\t\t\t<div class=\"select-caret-down-wrapper\">\n\t\t\t\t<svg aria-hidden=\"true\" class=\"e-font-icon-svg e-eicon-caret-down\" viewBox=\"0 0 571.4 571.4\" xmlns=\"http:\/\/www.w3.org\/2000\/svg\"><path d=\"M571 393Q571 407 561 418L311 668Q300 679 286 679T261 668L11 418Q0 407 0 393T11 368 36 357H536Q550 357 561 368T571 393Z\"><\/path><\/svg>\t\t\t<\/div>\n\t\t\t<select name=\"form_fields[field_27560eb]\" id=\"form-field-field_27560eb\" class=\"elementor-field-textual elementor-size-sm\" required=\"required\">\n\t\t\t\t\t\t\t\t\t<option value=\"F\u00f6retag\">F\u00f6retag<\/option>\n\t\t\t\t\t\t\t\t\t<option value=\"Privatperson\">Privatperson<\/option>\n\t\t\t\t\t\t\t<\/select>\n\t\t<\/div>\n\t\t\t\t\t\t<\/div>\n\t\t\t\t\t\t\t\t<div class=\"elementor-field-type-select elementor-field-group elementor-column elementor-field-group-field_f3596cc elementor-col-50 elementor-field-required\">\n\t\t\t\t\t\t\t\t\t\t\t\t<label for=\"form-field-field_f3596cc\" class=\"elementor-field-label\">\n\t\t\t\t\t\t\t\tTyp av tj\u00e4nst\t\t\t\t\t\t\t<\/label>\n\t\t\t\t\t\t\t\t<div class=\"elementor-field elementor-select-wrapper remove-before \">\n\t\t\t<div class=\"select-caret-down-wrapper\">\n\t\t\t\t<svg aria-hidden=\"true\" class=\"e-font-icon-svg e-eicon-caret-down\" viewBox=\"0 0 571.4 571.4\" xmlns=\"http:\/\/www.w3.org\/2000\/svg\"><path d=\"M571 393Q571 407 561 418L311 668Q300 679 286 679T261 668L11 418Q0 407 0 393T11 368 36 357H536Q550 357 561 368T571 393Z\"><\/path><\/svg>\t\t\t<\/div>\n\t\t\t<select name=\"form_fields[field_f3596cc]\" id=\"form-field-field_f3596cc\" class=\"elementor-field-textual elementor-size-sm\" required=\"required\">\n\t\t\t\t\t\t\t\t\t<option value=\"Arbetsr\u00e4tt\">Arbetsr\u00e4tt<\/option>\n\t\t\t\t\t\t\t\t\t<option value=\"Bolagsr\u00e4tt\">Bolagsr\u00e4tt<\/option>\n\t\t\t\t\t\t\t\t\t<option value=\"Fastighetsr\u00e4tt\">Fastighetsr\u00e4tt<\/option>\n\t\t\t\t\t\t\t<\/select>\n\t\t<\/div>\n\t\t\t\t\t\t<\/div>\n\t\t\t\t\t\t\t\t<div class=\"elementor-field-type-textarea elementor-field-group elementor-column elementor-field-group-message_contact_phone elementor-col-100 elementor-field-required\">\n\t\t\t\t\t\t\t\t\t\t\t\t<label for=\"form-field-message_contact_phone\" class=\"elementor-field-label\">\n\t\t\t\t\t\t\t\tMeddelande\t\t\t\t\t\t\t<\/label>\n\t\t\t\t\t\t<textarea class=\"elementor-field-textual elementor-field  elementor-size-sm\" name=\"form_fields[message_contact_phone]\" id=\"form-field-message_contact_phone\" rows=\"4\" placeholder=\"Meddelande\" required=\"required\"><\/textarea>\t\t\t\t<\/div>\n\t\t\t\t\t\t\t\t<div class=\"elementor-field-type-upload elementor-field-group elementor-column elementor-field-group-field_4c704ff elementor-col-100\">\n\t\t\t\t\t\t\t\t\t\t\t\t<label for=\"form-field-field_4c704ff\" class=\"elementor-field-label\">\n\t\t\t\t\t\t\t\tBifoga bilagor\t\t\t\t\t\t\t<\/label>\n\t\t\t\t\t\t\t\t<input type=\"file\" name=\"form_fields[field_4c704ff][]\" id=\"form-field-field_4c704ff\" class=\"elementor-field elementor-size-sm  elementor-upload-field\" multiple=\"multiple\">\n\n\t\t\t\t\t\t<\/div>\n\t\t\t\t\t\t\t\t<div class=\"elementor-field-group elementor-column elementor-field-type-submit elementor-col-100 e-form__buttons\">\n\t\t\t\t\t<button class=\"elementor-button elementor-size-sm\" type=\"submit\">\n\t\t\t\t\t\t<span class=\"elementor-button-content-wrapper\">\n\t\t\t\t\t\t\t\t\t\t\t\t\t\t\t\t\t\t\t\t\t\t<span class=\"elementor-button-text\">Skicka \u00e4rende<\/span>\n\t\t\t\t\t\t\t\t\t\t\t\t\t<\/span>\n\t\t\t\t\t<\/button>\n\t\t\t\t<\/div>\n\t\t\t<\/div>\n\t\t<\/form>\n\t\t\t\t\t\t<\/div>\n\t\t\t\t<\/div>\n\t\t\t\t<div class=\"elementor-element elementor-element-137385d6 elementor-hidden-desktop elementor-hidden-tablet elementor-widget elementor-widget-html\" data-id=\"137385d6\" data-element_type=\"widget\" data-e-type=\"widget\" id=\"recaptcha_text_white\" data-widget_type=\"html.default\">\n\t\t\t\t<div class=\"elementor-widget-container\">\n\t\t\t\t\t This site is protected by reCAPTCHA and the Google\r\n    <a href=\"https:\/\/policies.google.com\/privacy\">Privacy Policy<\/a> and\r\n    <a href=\"https:\/\/policies.google.com\/terms\">Terms of Service<\/a> apply.\r\n\t\t\t\t<\/div>\n\t\t\t\t<\/div>\n\t\t\t\t\t<\/div>\n\t\t\t\t<\/div>\n\t\t\t\t<\/div>\n\t\t\t\t\t<\/div>\n\t\t\t\t<\/div>\n\t\t\t\t<div class=\"elementor-element elementor-element-42bea44 elementor-widget__width-initial elementor-widget elementor-widget-html\" data-id=\"42bea44\" data-element_type=\"widget\" data-e-type=\"widget\" id=\"recaptcha_text\" data-widget_type=\"html.default\">\n\t\t\t\t<div class=\"elementor-widget-container\">\n\t\t\t\t\t This site is protected by reCAPTCHA and the Google\r\n    <a href=\"https:\/\/policies.google.com\/privacy\">Privacy Policy<\/a> and\r\n    <a href=\"https:\/\/policies.google.com\/terms\">Terms of Service<\/a> apply.\r\n\t\t\t\t<\/div>\n\t\t\t\t<\/div>\n\t\t\t\t\t<\/div>\n\t\t\t\t<\/div>\n\t\t\t\t<\/div>\n\t\t","protected":false},"excerpt":{"rendered":"<p>Vi \u00e4r specialiserade inom arbetsr\u00e4tt, bolagsr\u00e4tt och fastighetsr\u00e4tt. Bland v\u00e5ra klienter finns allt fr\u00e5n arbetstagare, enskilda firmor och sm\u00e5bolag till stora koncerner. Kontakta oss och beskriv ditt \u00e4rende i meddelanderutan nedan This site is protected by reCAPTCHA and the Google Privacy Policy and Terms of Service apply. This site is protected by reCAPTCHA and the [&hellip;]<\/p>\n","protected":false},"author":1,"featured_media":0,"parent":0,"menu_order":0,"comment_status":"closed","ping_status":"closed","template":"","meta":{"footnotes":""},"class_list":["post-10","page","type-page","status-publish","hentry"],"yoast_head":"<!-- This site is optimized with the Yoast SEO plugin v27.4 - https:\/\/yoast.com\/product\/yoast-seo-wordpress\/ -->\n<title>Om oss - Rubinstein &amp; Khoury Byr\u00e5<\/title>\n<meta name=\"description\" content=\"Rubinstein &amp; Khoury Byr\u00e5 \u00e4r en modern marknadsorienterad byr\u00e5 med \u00f6ver 20 \u00e5rs erfarenhet av kvalificerat juridiskt arbete och \u00e4r idag en av Stockholms ledande specialist byr\u00e5er.\" \/>\n<meta name=\"robots\" content=\"index, follow, max-snippet:-1, max-image-preview:large, max-video-preview:-1\" \/>\n<link rel=\"canonical\" href=\"https:\/\/www.arbetsjuristen.se\/en\/om-oss\/\" \/>\n<meta property=\"og:locale\" content=\"en_US\" \/>\n<meta property=\"og:type\" content=\"article\" \/>\n<meta property=\"og:title\" content=\"Om oss - Rubinstein &amp; Khoury Byr\u00e5\" \/>\n<meta property=\"og:description\" content=\"Rubinstein &amp; Khoury Byr\u00e5 \u00e4r en modern marknadsorienterad byr\u00e5 med \u00f6ver 20 \u00e5rs erfarenhet av kvalificerat juridiskt arbete och \u00e4r idag en av Stockholms ledande specialist byr\u00e5er.\" \/>\n<meta property=\"og:url\" content=\"https:\/\/www.arbetsjuristen.se\/en\/om-oss\/\" \/>\n<meta property=\"og:site_name\" content=\"Rubinstein &amp; Khoury Byr\u00e5\" \/>\n<meta property=\"article:modified_time\" content=\"2025-11-06T14:03:43+00:00\" \/>\n<meta property=\"og:image\" content=\"https:\/\/www.arbetsjuristen.se\/wp-content\/uploads\/2024\/03\/Hexagons.svg\" \/>\n<meta name=\"twitter:card\" content=\"summary_large_image\" \/>\n<meta name=\"twitter:label1\" content=\"Est. reading time\" \/>\n\t<meta name=\"twitter:data1\" content=\"1 minute\" \/>\n<script type=\"application\/ld+json\" class=\"yoast-schema-graph\">{\"@context\":\"https:\\\/\\\/schema.org\",\"@graph\":[{\"@type\":\"WebPage\",\"@id\":\"https:\\\/\\\/www.arbetsjuristen.se\\\/om-oss\\\/\",\"url\":\"https:\\\/\\\/www.arbetsjuristen.se\\\/om-oss\\\/\",\"name\":\"Om oss - Rubinstein & Khoury Byr\u00e5\",\"isPartOf\":{\"@id\":\"https:\\\/\\\/www.arbetsjuristen.se\\\/#website\"},\"primaryImageOfPage\":{\"@id\":\"https:\\\/\\\/www.arbetsjuristen.se\\\/om-oss\\\/#primaryimage\"},\"image\":{\"@id\":\"https:\\\/\\\/www.arbetsjuristen.se\\\/om-oss\\\/#primaryimage\"},\"thumbnailUrl\":\"https:\\\/\\\/www.arbetsjuristen.se\\\/wp-content\\\/uploads\\\/2024\\\/03\\\/Hexagons.svg\",\"datePublished\":\"2024-03-07T17:27:55+00:00\",\"dateModified\":\"2025-11-06T14:03:43+00:00\",\"description\":\"Rubinstein & Khoury Byr\u00e5 \u00e4r en modern marknadsorienterad byr\u00e5 med \u00f6ver 20 \u00e5rs erfarenhet av kvalificerat juridiskt arbete och \u00e4r idag en av Stockholms ledande specialist byr\u00e5er.\",\"breadcrumb\":{\"@id\":\"https:\\\/\\\/www.arbetsjuristen.se\\\/om-oss\\\/#breadcrumb\"},\"inLanguage\":\"en-US\",\"potentialAction\":[{\"@type\":\"ReadAction\",\"target\":[\"https:\\\/\\\/www.arbetsjuristen.se\\\/om-oss\\\/\"]}]},{\"@type\":\"ImageObject\",\"inLanguage\":\"en-US\",\"@id\":\"https:\\\/\\\/www.arbetsjuristen.se\\\/om-oss\\\/#primaryimage\",\"url\":\"https:\\\/\\\/www.arbetsjuristen.se\\\/wp-content\\\/uploads\\\/2024\\\/03\\\/Hexagons.svg\",\"contentUrl\":\"https:\\\/\\\/www.arbetsjuristen.se\\\/wp-content\\\/uploads\\\/2024\\\/03\\\/Hexagons.svg\"},{\"@type\":\"BreadcrumbList\",\"@id\":\"https:\\\/\\\/www.arbetsjuristen.se\\\/om-oss\\\/#breadcrumb\",\"itemListElement\":[{\"@type\":\"ListItem\",\"position\":1,\"name\":\"Hem\",\"item\":\"https:\\\/\\\/www.arbetsjuristen.se\\\/\"},{\"@type\":\"ListItem\",\"position\":2,\"name\":\"Om oss\"}]},{\"@type\":\"WebSite\",\"@id\":\"https:\\\/\\\/www.arbetsjuristen.se\\\/#website\",\"url\":\"https:\\\/\\\/www.arbetsjuristen.se\\\/\",\"name\":\"Rubinstein &amp; Khoury Byr\u00e5\",\"description\":\"\",\"publisher\":{\"@id\":\"https:\\\/\\\/www.arbetsjuristen.se\\\/#organization\"},\"potentialAction\":[{\"@type\":\"SearchAction\",\"target\":{\"@type\":\"EntryPoint\",\"urlTemplate\":\"https:\\\/\\\/www.arbetsjuristen.se\\\/?s={search_term_string}\"},\"query-input\":{\"@type\":\"PropertyValueSpecification\",\"valueRequired\":true,\"valueName\":\"search_term_string\"}}],\"inLanguage\":\"en-US\"},{\"@type\":\"Organization\",\"@id\":\"https:\\\/\\\/www.arbetsjuristen.se\\\/#organization\",\"name\":\"Rubinstein &amp; Khoury Byr\u00e5\",\"url\":\"https:\\\/\\\/www.arbetsjuristen.se\\\/\",\"logo\":{\"@type\":\"ImageObject\",\"inLanguage\":\"en-US\",\"@id\":\"https:\\\/\\\/www.arbetsjuristen.se\\\/#\\\/schema\\\/logo\\\/image\\\/\",\"url\":\"https:\\\/\\\/www.arbetsjuristen.se\\\/wp-content\\\/uploads\\\/2024\\\/03\\\/Arbetsjuristen-AB.svg\",\"contentUrl\":\"https:\\\/\\\/www.arbetsjuristen.se\\\/wp-content\\\/uploads\\\/2024\\\/03\\\/Arbetsjuristen-AB.svg\",\"width\":371,\"height\":26,\"caption\":\"Rubinstein &amp; Khoury Byr\u00e5\"},\"image\":{\"@id\":\"https:\\\/\\\/www.arbetsjuristen.se\\\/#\\\/schema\\\/logo\\\/image\\\/\"}}]}<\/script>\n<!-- \/ Yoast SEO plugin. -->","yoast_head_json":{"title":"Om oss - Rubinstein & Khoury Byr\u00e5","description":"Rubinstein & Khoury Byr\u00e5 \u00e4r en modern marknadsorienterad byr\u00e5 med \u00f6ver 20 \u00e5rs erfarenhet av kvalificerat juridiskt arbete och \u00e4r idag en av Stockholms ledande specialist byr\u00e5er.","robots":{"index":"index","follow":"follow","max-snippet":"max-snippet:-1","max-image-preview":"max-image-preview:large","max-video-preview":"max-video-preview:-1"},"canonical":"https:\/\/www.arbetsjuristen.se\/en\/om-oss\/","og_locale":"en_US","og_type":"article","og_title":"Om oss - Rubinstein & Khoury Byr\u00e5","og_description":"Rubinstein & Khoury Byr\u00e5 \u00e4r en modern marknadsorienterad byr\u00e5 med \u00f6ver 20 \u00e5rs erfarenhet av kvalificerat juridiskt arbete och \u00e4r idag en av Stockholms ledande specialist byr\u00e5er.","og_url":"https:\/\/www.arbetsjuristen.se\/en\/om-oss\/","og_site_name":"Rubinstein &amp; Khoury Byr\u00e5","article_modified_time":"2025-11-06T14:03:43+00:00","og_image":[{"url":"https:\/\/www.arbetsjuristen.se\/wp-content\/uploads\/2024\/03\/Hexagons.svg","type":"","width":"","height":""}],"twitter_card":"summary_large_image","twitter_misc":{"Est. reading time":"1 minute"},"schema":{"@context":"https:\/\/schema.org","@graph":[{"@type":"WebPage","@id":"https:\/\/www.arbetsjuristen.se\/om-oss\/","url":"https:\/\/www.arbetsjuristen.se\/om-oss\/","name":"Om oss - Rubinstein & Khoury Byr\u00e5","isPartOf":{"@id":"https:\/\/www.arbetsjuristen.se\/#website"},"primaryImageOfPage":{"@id":"https:\/\/www.arbetsjuristen.se\/om-oss\/#primaryimage"},"image":{"@id":"https:\/\/www.arbetsjuristen.se\/om-oss\/#primaryimage"},"thumbnailUrl":"https:\/\/www.arbetsjuristen.se\/wp-content\/uploads\/2024\/03\/Hexagons.svg","datePublished":"2024-03-07T17:27:55+00:00","dateModified":"2025-11-06T14:03:43+00:00","description":"Rubinstein & Khoury Byr\u00e5 \u00e4r en modern marknadsorienterad byr\u00e5 med \u00f6ver 20 \u00e5rs erfarenhet av kvalificerat juridiskt arbete och \u00e4r idag en av Stockholms ledande specialist byr\u00e5er.","breadcrumb":{"@id":"https:\/\/www.arbetsjuristen.se\/om-oss\/#breadcrumb"},"inLanguage":"en-US","potentialAction":[{"@type":"ReadAction","target":["https:\/\/www.arbetsjuristen.se\/om-oss\/"]}]},{"@type":"ImageObject","inLanguage":"en-US","@id":"https:\/\/www.arbetsjuristen.se\/om-oss\/#primaryimage","url":"https:\/\/www.arbetsjuristen.se\/wp-content\/uploads\/2024\/03\/Hexagons.svg","contentUrl":"https:\/\/www.arbetsjuristen.se\/wp-content\/uploads\/2024\/03\/Hexagons.svg"},{"@type":"BreadcrumbList","@id":"https:\/\/www.arbetsjuristen.se\/om-oss\/#breadcrumb","itemListElement":[{"@type":"ListItem","position":1,"name":"Hem","item":"https:\/\/www.arbetsjuristen.se\/"},{"@type":"ListItem","position":2,"name":"Om oss"}]},{"@type":"WebSite","@id":"https:\/\/www.arbetsjuristen.se\/#website","url":"https:\/\/www.arbetsjuristen.se\/","name":"Rubinstein &amp; Khoury Byr\u00e5","description":"","publisher":{"@id":"https:\/\/www.arbetsjuristen.se\/#organization"},"potentialAction":[{"@type":"SearchAction","target":{"@type":"EntryPoint","urlTemplate":"https:\/\/www.arbetsjuristen.se\/?s={search_term_string}"},"query-input":{"@type":"PropertyValueSpecification","valueRequired":true,"valueName":"search_term_string"}}],"inLanguage":"en-US"},{"@type":"Organization","@id":"https:\/\/www.arbetsjuristen.se\/#organization","name":"Rubinstein &amp; Khoury Byr\u00e5","url":"https:\/\/www.arbetsjuristen.se\/","logo":{"@type":"ImageObject","inLanguage":"en-US","@id":"https:\/\/www.arbetsjuristen.se\/#\/schema\/logo\/image\/","url":"https:\/\/www.arbetsjuristen.se\/wp-content\/uploads\/2024\/03\/Arbetsjuristen-AB.svg","contentUrl":"https:\/\/www.arbetsjuristen.se\/wp-content\/uploads\/2024\/03\/Arbetsjuristen-AB.svg","width":371,"height":26,"caption":"Rubinstein &amp; Khoury Byr\u00e5"},"image":{"@id":"https:\/\/www.arbetsjuristen.se\/#\/schema\/logo\/image\/"}}]}},"_links":{"self":[{"href":"https:\/\/www.arbetsjuristen.se\/en\/wp-json\/wp\/v2\/pages\/10","targetHints":{"allow":["GET"]}}],"collection":[{"href":"https:\/\/www.arbetsjuristen.se\/en\/wp-json\/wp\/v2\/pages"}],"about":[{"href":"https:\/\/www.arbetsjuristen.se\/en\/wp-json\/wp\/v2\/types\/page"}],"author":[{"embeddable":true,"href":"https:\/\/www.arbetsjuristen.se\/en\/wp-json\/wp\/v2\/users\/1"}],"replies":[{"embeddable":true,"href":"https:\/\/www.arbetsjuristen.se\/en\/wp-json\/wp\/v2\/comments?post=10"}],"version-history":[{"count":133,"href":"https:\/\/www.arbetsjuristen.se\/en\/wp-json\/wp\/v2\/pages\/10\/revisions"}],"predecessor-version":[{"id":4293,"href":"https:\/\/www.arbetsjuristen.se\/en\/wp-json\/wp\/v2\/pages\/10\/revisions\/4293"}],"wp:attachment":[{"href":"https:\/\/www.arbetsjuristen.se\/en\/wp-json\/wp\/v2\/media?parent=10"}],"curies":[{"name":"wp","href":"https:\/\/api.w.org\/{rel}","templated":true}]}}